{"id":9985,"date":"2018-02-10T20:33:18","date_gmt":"2018-02-10T20:33:18","guid":{"rendered":"http:\/\/sexshopzagues.com.mx\/tienda\/?post_type=product&#038;p=9985"},"modified":"2023-02-25T06:11:29","modified_gmt":"2023-02-25T06:11:29","slug":"fetish-fantasy-series-rock-hard-nipple-clamps-silver","status":"publish","type":"product","link":"https:\/\/sexshopzagues.com.mx\/tienda\/?product=fetish-fantasy-series-rock-hard-nipple-clamps-silver","title":{"rendered":"Fetish Fantasy Series Rock Hard Nipple Clamps &#8211; Silver"},"content":{"rendered":"<p>Haz que tus pezones se sientan c\u00f3modos con estas abrazaderas Rock Hard para pezones. Hecho con clips de metal duraderos y cubiertos con forros de goma suave, estas abrazaderas son perfectas para principiantes y entusiastas del fetiche por igual. La cantidad de presi\u00f3n que aplica al pez\u00f3n se puede ajustar girando el tornillo, mientras que las dos cadenas le dan una estimulaci\u00f3n sutil con cada movimiento.<\/p>\n","protected":false},"excerpt":{"rendered":"Pinzas para pezones, con cadenas.","protected":false},"featured_media":9991,"comment_status":"open","ping_status":"closed","template":"","meta":[],"product_cat":[160,53],"product_tag":[76,124],"_links":{"self":[{"href":"https:\/\/sexshopzagues.com.mx\/tienda\/index.php?rest_route=\/wp\/v2\/product\/9985"}],"collection":[{"href":"https:\/\/sexshopzagues.com.mx\/tienda\/index.php?rest_route=\/wp\/v2\/product"}],"about":[{"href":"https:\/\/sexshopzagues.com.mx\/tienda\/index.php?rest_route=\/wp\/v2\/types\/product"}],"replies":[{"embeddable":true,"href":"https:\/\/sexshopzagues.com.mx\/tienda\/index.php?rest_route=%2Fwp%2Fv2%2Fcomments&post=9985"}],"wp:featuredmedia":[{"embeddable":true,"href":"https:\/\/sexshopzagues.com.mx\/tienda\/index.php?rest_route=\/wp\/v2\/media\/9991"}],"wp:attachment":[{"href":"https:\/\/sexshopzagues.com.mx\/tienda\/index.php?rest_route=%2Fwp%2Fv2%2Fmedia&parent=9985"}],"wp:term":[{"taxonomy":"product_cat","embeddable":true,"href":"https:\/\/sexshopzagues.com.mx\/tienda\/index.php?rest_route=%2Fwp%2Fv2%2Fproduct_cat&post=9985"},{"taxonomy":"product_tag","embeddable":true,"href":"https:\/\/sexshopzagues.com.mx\/tienda\/index.php?rest_route=%2Fwp%2Fv2%2Fproduct_tag&post=9985"}],"curies":[{"name":"wp","href":"https:\/\/api.w.org\/{rel}","templated":true}]}}