{"id":997,"date":"2016-09-01T17:52:03","date_gmt":"2016-09-01T17:52:03","guid":{"rendered":"http:\/\/sexshopzagues.com.mx\/tienda\/?post_type=product&#038;p=997"},"modified":"2021-09-07T22:26:57","modified_gmt":"2021-09-07T22:26:57","slug":"king-cock-u-shaped-small-double-trouble-flesh","status":"publish","type":"product","link":"https:\/\/sexshopzagues.com.mx\/tienda\/?product=king-cock-u-shaped-small-double-trouble-flesh","title":{"rendered":"King Cock U-Shaped Small Double Trouble Flesh"},"content":{"rendered":"<p>Cuidadosamente hechos a mano, especial atenci\u00f3n a cada detalle, brind\u00e1ndote as\u00ed la experiencia m\u00e1s real posible. Materiales de la m\u00e1s alta calidad, libres de l\u00e1tex y ftalatos lo que hace a este producto hipoalerg\u00e9nico. Este dildo para doble penetraci\u00f3n en forma de U flexible, con detalle de venas, glande bien formado y todos los detalles posibles, cuenta con una poderosa ventosa que se adhiere a cualquier superficie lisa, es compatible con arn\u00e9s. Medidas: 12.7cm. 2.8cm. 2cm.<\/p>\n","protected":false},"excerpt":{"rendered":"Dildo para doble penetraci\u00f3n, material real\u00edstico.","protected":false},"featured_media":998,"comment_status":"open","ping_status":"closed","template":"","meta":[],"product_cat":[58],"product_tag":[92,82,76,85],"_links":{"self":[{"href":"https:\/\/sexshopzagues.com.mx\/tienda\/index.php?rest_route=\/wp\/v2\/product\/997"}],"collection":[{"href":"https:\/\/sexshopzagues.com.mx\/tienda\/index.php?rest_route=\/wp\/v2\/product"}],"about":[{"href":"https:\/\/sexshopzagues.com.mx\/tienda\/index.php?rest_route=\/wp\/v2\/types\/product"}],"replies":[{"embeddable":true,"href":"https:\/\/sexshopzagues.com.mx\/tienda\/index.php?rest_route=%2Fwp%2Fv2%2Fcomments&post=997"}],"wp:featuredmedia":[{"embeddable":true,"href":"https:\/\/sexshopzagues.com.mx\/tienda\/index.php?rest_route=\/wp\/v2\/media\/998"}],"wp:attachment":[{"href":"https:\/\/sexshopzagues.com.mx\/tienda\/index.php?rest_route=%2Fwp%2Fv2%2Fmedia&parent=997"}],"wp:term":[{"taxonomy":"product_cat","embeddable":true,"href":"https:\/\/sexshopzagues.com.mx\/tienda\/index.php?rest_route=%2Fwp%2Fv2%2Fproduct_cat&post=997"},{"taxonomy":"product_tag","embeddable":true,"href":"https:\/\/sexshopzagues.com.mx\/tienda\/index.php?rest_route=%2Fwp%2Fv2%2Fproduct_tag&post=997"}],"curies":[{"name":"wp","href":"https:\/\/api.w.org\/{rel}","templated":true}]}}