{"id":9966,"date":"2018-02-10T18:36:43","date_gmt":"2018-02-10T18:36:43","guid":{"rendered":"http:\/\/sexshopzagues.com.mx\/tienda\/?post_type=product&#038;p=9966"},"modified":"2023-02-25T06:12:03","modified_gmt":"2023-02-25T06:12:03","slug":"king-cock-11-squirting-cock-w-balls-black","status":"publish","type":"product","link":"https:\/\/sexshopzagues.com.mx\/tienda\/?product=king-cock-11-squirting-cock-w-balls-black","title":{"rendered":"King Cock 11&#8243; Squirting Cock w\/ Balls &#8211; Black"},"content":{"rendered":"<p>Cuidadosamente hechos a mano, especial atenci\u00f3n a cada detalle, brind\u00e1ndote as\u00ed la experiencia m\u00e1s real posible. Materiales de la m\u00e1s alta calidad, libres de l\u00e1tex y ftalatos lo que hace a este producto hipoalerg\u00e9nico. El dildo eyaculador m\u00e1s satisfactorio que encontrar\u00e1s, contiene una botella de la exclusiva f\u00f3rmula Jizzle Juice squeeze-bulb que simula el semen, haciendo tu experiencia aun mas real. Contiene loci\u00f3n limpiadora.<\/p>\n<p>Medidas: 22.8cm (insertables) 6.6cm de di\u00e1metro.<\/p>\n<p>Hecho en EUA<\/p>\n","protected":false},"excerpt":{"rendered":"Dildo real\u00edstico que simula eyaculaci\u00f3n.","protected":false},"featured_media":9967,"comment_status":"open","ping_status":"closed","template":"","meta":[],"product_cat":[58],"product_tag":[92,82,76],"_links":{"self":[{"href":"https:\/\/sexshopzagues.com.mx\/tienda\/index.php?rest_route=\/wp\/v2\/product\/9966"}],"collection":[{"href":"https:\/\/sexshopzagues.com.mx\/tienda\/index.php?rest_route=\/wp\/v2\/product"}],"about":[{"href":"https:\/\/sexshopzagues.com.mx\/tienda\/index.php?rest_route=\/wp\/v2\/types\/product"}],"replies":[{"embeddable":true,"href":"https:\/\/sexshopzagues.com.mx\/tienda\/index.php?rest_route=%2Fwp%2Fv2%2Fcomments&post=9966"}],"wp:featuredmedia":[{"embeddable":true,"href":"https:\/\/sexshopzagues.com.mx\/tienda\/index.php?rest_route=\/wp\/v2\/media\/9967"}],"wp:attachment":[{"href":"https:\/\/sexshopzagues.com.mx\/tienda\/index.php?rest_route=%2Fwp%2Fv2%2Fmedia&parent=9966"}],"wp:term":[{"taxonomy":"product_cat","embeddable":true,"href":"https:\/\/sexshopzagues.com.mx\/tienda\/index.php?rest_route=%2Fwp%2Fv2%2Fproduct_cat&post=9966"},{"taxonomy":"product_tag","embeddable":true,"href":"https:\/\/sexshopzagues.com.mx\/tienda\/index.php?rest_route=%2Fwp%2Fv2%2Fproduct_tag&post=9966"}],"curies":[{"name":"wp","href":"https:\/\/api.w.org\/{rel}","templated":true}]}}