{"id":9907,"date":"2018-02-03T02:24:58","date_gmt":"2018-02-03T02:24:58","guid":{"rendered":"http:\/\/sexshopzagues.com.mx\/tienda\/?post_type=product&#038;p=9907"},"modified":"2023-02-25T06:20:22","modified_gmt":"2023-02-25T06:20:22","slug":"fantasy-c-ringz-duo-vibrating-super-ring-black","status":"publish","type":"product","link":"https:\/\/sexshopzagues.com.mx\/tienda\/?product=fantasy-c-ringz-duo-vibrating-super-ring-black","title":{"rendered":"Fantasy C-Ringz Duo-Vibrating Super Ring &#8211; Black"},"content":{"rendered":"<div style=\"width: 640px;\" class=\"wp-video\"><!--[if lt IE 9]><script>document.createElement('video');<\/script><![endif]-->\n<video class=\"wp-video-shortcode\" id=\"video-9907-1\" width=\"640\" height=\"360\" preload=\"metadata\" controls=\"controls\"><source type=\"video\/mp4\" src=\"http:\/\/sexshopzagues.com.mx\/tienda\/wp-content\/uploads\/2018\/02\/PD5963-23-Black-Fantasy-C-Ringz-Duo-Vibrating-Super-Ring.mp4?_=1\" \/><a href=\"http:\/\/sexshopzagues.com.mx\/tienda\/wp-content\/uploads\/2018\/02\/PD5963-23-Black-Fantasy-C-Ringz-Duo-Vibrating-Super-Ring.mp4\">http:\/\/sexshopzagues.com.mx\/tienda\/wp-content\/uploads\/2018\/02\/PD5963-23-Black-Fantasy-C-Ringz-Duo-Vibrating-Super-Ring.mp4<\/a><\/video><\/div>\n<p>Aumenta el tiempo de la erecci\u00f3n, incre\u00edbles vibraciones y consigue orgasmos explosivos.<\/p>\n<p>Ahora podr\u00e1s incrementar el tiempo de tus relaciones con este super anillo vibrador. Es estrecho y hace efecto restrictor con lo que mantendr\u00e1s una erecci\u00f3n firme y el orgasmo ser\u00e1 mucho mas potente.<\/p>\n<p>Sus vibraciones se transmiten por todo el eje con lo que las sentir\u00e1n plenamente t\u00fa y tu pareja. Adem\u00e1s podr\u00e1n usarlo en la ducha o el ba\u00f1o con lo que convertir\u00e1n el tiempo del ba\u00f1o tambi\u00e9n en tiempo para el placer.<\/p>\n<p>Este anillo est\u00e1 listo para usarlo nada mas sacarlo del embalaje ya que incluye 3 pilas AG13\/LR44.<\/p>\n<ul>\n<li>Super anillo vibrador doble<\/li>\n<li>Dos balas que podr\u00e1s usar por separado<\/li>\n<li>Texturado<\/li>\n<li>Color: Negro<\/li>\n<li>Anchura: 59mm<\/li>\n<li>Altura: 75\u00a0mm<\/li>\n<li>Profundidad: 24 mm<\/li>\n<li>Peso: 36.85 gr\u200b<\/li>\n<\/ul>\n","protected":false},"excerpt":{"rendered":"Anillo vibrador con doble bala.","protected":false},"featured_media":9908,"comment_status":"open","ping_status":"closed","template":"","meta":[],"product_cat":[72,62],"product_tag":[94,76],"_links":{"self":[{"href":"https:\/\/sexshopzagues.com.mx\/tienda\/index.php?rest_route=\/wp\/v2\/product\/9907"}],"collection":[{"href":"https:\/\/sexshopzagues.com.mx\/tienda\/index.php?rest_route=\/wp\/v2\/product"}],"about":[{"href":"https:\/\/sexshopzagues.com.mx\/tienda\/index.php?rest_route=\/wp\/v2\/types\/product"}],"replies":[{"embeddable":true,"href":"https:\/\/sexshopzagues.com.mx\/tienda\/index.php?rest_route=%2Fwp%2Fv2%2Fcomments&post=9907"}],"wp:featuredmedia":[{"embeddable":true,"href":"https:\/\/sexshopzagues.com.mx\/tienda\/index.php?rest_route=\/wp\/v2\/media\/9908"}],"wp:attachment":[{"href":"https:\/\/sexshopzagues.com.mx\/tienda\/index.php?rest_route=%2Fwp%2Fv2%2Fmedia&parent=9907"}],"wp:term":[{"taxonomy":"product_cat","embeddable":true,"href":"https:\/\/sexshopzagues.com.mx\/tienda\/index.php?rest_route=%2Fwp%2Fv2%2Fproduct_cat&post=9907"},{"taxonomy":"product_tag","embeddable":true,"href":"https:\/\/sexshopzagues.com.mx\/tienda\/index.php?rest_route=%2Fwp%2Fv2%2Fproduct_tag&post=9907"}],"curies":[{"name":"wp","href":"https:\/\/api.w.org\/{rel}","templated":true}]}}