{"id":9774,"date":"2018-01-27T23:30:04","date_gmt":"2018-01-27T23:30:04","guid":{"rendered":"http:\/\/sexshopzagues.com.mx\/tienda\/?post_type=product&#038;p=9774"},"modified":"2023-02-25T06:25:14","modified_gmt":"2023-02-25T06:25:14","slug":"king-cock-13-cock-with-balls-flesh","status":"publish","type":"product","link":"https:\/\/sexshopzagues.com.mx\/tienda\/?product=king-cock-13-cock-with-balls-flesh","title":{"rendered":"King Cock  13&#8243; Cock with Balls &#8211; Flesh"},"content":{"rendered":"<p>Cuidadosamente hechos a mano, especial atenci\u00f3n a cada detalle, brind\u00e1ndote as\u00ed la experiencia m\u00e1s real posible. Materiales de la m\u00e1s alta calidad, libres de l\u00e1tex y ftalatos lo que hace a este producto hipoalerg\u00e9nico. Este dildo con detalle de venas, glande bien formado y todos los detalles posibles, cuenta con una poderosa ventosa que se adhiere a cualquier superficie lisa, es compatible con arn\u00e9s.<\/p>\n<p>Medidas: 33cm x 7cm<\/p>\n","protected":false},"excerpt":{"rendered":"Dildo real\u00edstico, compatible con arn\u00e9s, hipoalerg\u00e9nico.","protected":false},"featured_media":9775,"comment_status":"open","ping_status":"closed","template":"","meta":[],"product_cat":[58],"product_tag":[84,92,82,76,85],"_links":{"self":[{"href":"https:\/\/sexshopzagues.com.mx\/tienda\/index.php?rest_route=\/wp\/v2\/product\/9774"}],"collection":[{"href":"https:\/\/sexshopzagues.com.mx\/tienda\/index.php?rest_route=\/wp\/v2\/product"}],"about":[{"href":"https:\/\/sexshopzagues.com.mx\/tienda\/index.php?rest_route=\/wp\/v2\/types\/product"}],"replies":[{"embeddable":true,"href":"https:\/\/sexshopzagues.com.mx\/tienda\/index.php?rest_route=%2Fwp%2Fv2%2Fcomments&post=9774"}],"wp:featuredmedia":[{"embeddable":true,"href":"https:\/\/sexshopzagues.com.mx\/tienda\/index.php?rest_route=\/wp\/v2\/media\/9775"}],"wp:attachment":[{"href":"https:\/\/sexshopzagues.com.mx\/tienda\/index.php?rest_route=%2Fwp%2Fv2%2Fmedia&parent=9774"}],"wp:term":[{"taxonomy":"product_cat","embeddable":true,"href":"https:\/\/sexshopzagues.com.mx\/tienda\/index.php?rest_route=%2Fwp%2Fv2%2Fproduct_cat&post=9774"},{"taxonomy":"product_tag","embeddable":true,"href":"https:\/\/sexshopzagues.com.mx\/tienda\/index.php?rest_route=%2Fwp%2Fv2%2Fproduct_tag&post=9774"}],"curies":[{"name":"wp","href":"https:\/\/api.w.org\/{rel}","templated":true}]}}