{"id":9634,"date":"2018-01-22T23:59:06","date_gmt":"2018-01-22T23:59:06","guid":{"rendered":"http:\/\/sexshopzagues.com.mx\/tienda\/?post_type=product&#038;p=9634"},"modified":"2023-02-25T06:36:57","modified_gmt":"2023-02-25T06:36:57","slug":"fantasy-x-tensions-mega-3-extension-flesh","status":"publish","type":"product","link":"https:\/\/sexshopzagues.com.mx\/tienda\/?product=fantasy-x-tensions-mega-3-extension-flesh","title":{"rendered":"Fantasy X-tensions Mega 3&#8243; Extension Flesh"},"content":{"rendered":"<p>Mega funda, sorprende a tu pareja con el grosor y largo que simula esta funda con 3 (7.6 cm) pulgadas de largo y 66% m\u00e1s grueso el miembro. Con el mejor material del mercado, el mas similar a la piel, el\u00e1stica, suave y resistente. Con detalles definidos en cuanto a forma, glande, venas marcadas. Incluye lubricante y jab\u00f3n antibacterial.<\/p>\n","protected":false},"excerpt":{"rendered":"Funda extensi\u00f3n de material real\u00edsta 3&#8243;, 66% mas grueso.","protected":false},"featured_media":9635,"comment_status":"open","ping_status":"closed","template":"","meta":[],"product_cat":[159,69],"product_tag":[82,76],"_links":{"self":[{"href":"https:\/\/sexshopzagues.com.mx\/tienda\/index.php?rest_route=\/wp\/v2\/product\/9634"}],"collection":[{"href":"https:\/\/sexshopzagues.com.mx\/tienda\/index.php?rest_route=\/wp\/v2\/product"}],"about":[{"href":"https:\/\/sexshopzagues.com.mx\/tienda\/index.php?rest_route=\/wp\/v2\/types\/product"}],"replies":[{"embeddable":true,"href":"https:\/\/sexshopzagues.com.mx\/tienda\/index.php?rest_route=%2Fwp%2Fv2%2Fcomments&post=9634"}],"wp:featuredmedia":[{"embeddable":true,"href":"https:\/\/sexshopzagues.com.mx\/tienda\/index.php?rest_route=\/wp\/v2\/media\/9635"}],"wp:attachment":[{"href":"https:\/\/sexshopzagues.com.mx\/tienda\/index.php?rest_route=%2Fwp%2Fv2%2Fmedia&parent=9634"}],"wp:term":[{"taxonomy":"product_cat","embeddable":true,"href":"https:\/\/sexshopzagues.com.mx\/tienda\/index.php?rest_route=%2Fwp%2Fv2%2Fproduct_cat&post=9634"},{"taxonomy":"product_tag","embeddable":true,"href":"https:\/\/sexshopzagues.com.mx\/tienda\/index.php?rest_route=%2Fwp%2Fv2%2Fproduct_tag&post=9634"}],"curies":[{"name":"wp","href":"https:\/\/api.w.org\/{rel}","templated":true}]}}