{"id":9627,"date":"2018-01-22T19:57:49","date_gmt":"2018-01-22T19:57:49","guid":{"rendered":"http:\/\/sexshopzagues.com.mx\/tienda\/?post_type=product&#038;p=9627"},"modified":"2023-02-25T06:36:46","modified_gmt":"2023-02-25T06:36:46","slug":"cadiluck","status":"publish","type":"product","link":"https:\/\/sexshopzagues.com.mx\/tienda\/?product=cadiluck","title":{"rendered":"Cadiluck"},"content":{"rendered":"<p>Par de anillos \/ ligas gruesas, que ayudan a mejorar erecci\u00f3n y retardar eyaculaci\u00f3n, material ajustable. Utiliza una a la vez o ambas en distinta posici\u00f3n.<\/p>\n","protected":false},"excerpt":{"rendered":"Par de ligas \/ anillos, ayudan a retardar la eyaculacion y mejorar la erecci\u00f3n.","protected":false},"featured_media":9628,"comment_status":"open","ping_status":"closed","template":"","meta":[],"product_cat":[159,62],"product_tag":[175,77,210],"_links":{"self":[{"href":"https:\/\/sexshopzagues.com.mx\/tienda\/index.php?rest_route=\/wp\/v2\/product\/9627"}],"collection":[{"href":"https:\/\/sexshopzagues.com.mx\/tienda\/index.php?rest_route=\/wp\/v2\/product"}],"about":[{"href":"https:\/\/sexshopzagues.com.mx\/tienda\/index.php?rest_route=\/wp\/v2\/types\/product"}],"replies":[{"embeddable":true,"href":"https:\/\/sexshopzagues.com.mx\/tienda\/index.php?rest_route=%2Fwp%2Fv2%2Fcomments&post=9627"}],"wp:featuredmedia":[{"embeddable":true,"href":"https:\/\/sexshopzagues.com.mx\/tienda\/index.php?rest_route=\/wp\/v2\/media\/9628"}],"wp:attachment":[{"href":"https:\/\/sexshopzagues.com.mx\/tienda\/index.php?rest_route=%2Fwp%2Fv2%2Fmedia&parent=9627"}],"wp:term":[{"taxonomy":"product_cat","embeddable":true,"href":"https:\/\/sexshopzagues.com.mx\/tienda\/index.php?rest_route=%2Fwp%2Fv2%2Fproduct_cat&post=9627"},{"taxonomy":"product_tag","embeddable":true,"href":"https:\/\/sexshopzagues.com.mx\/tienda\/index.php?rest_route=%2Fwp%2Fv2%2Fproduct_tag&post=9627"}],"curies":[{"name":"wp","href":"https:\/\/api.w.org\/{rel}","templated":true}]}}