{"id":9624,"date":"2018-01-22T19:56:28","date_gmt":"2018-01-22T19:56:28","guid":{"rendered":"http:\/\/sexshopzagues.com.mx\/tienda\/?post_type=product&#038;p=9624"},"modified":"2020-12-22T07:52:47","modified_gmt":"2020-12-22T07:52:47","slug":"donut-rings-over-sized","status":"publish","type":"product","link":"https:\/\/sexshopzagues.com.mx\/tienda\/?product=donut-rings-over-sized","title":{"rendered":"DONUT RINGS OVER SIZED"},"content":{"rendered":"<p>Par de anillos \/ ligas gruesas, que ayudan a mejorar erecci\u00f3n y retardar eyaculaci\u00f3n, material ajustable. Utiliza una a la vez o ambas en distinta posici\u00f3n.<\/p>\n","protected":false},"excerpt":{"rendered":"Par de ligas \/ anillos, para mejorar erecci\u00f3n.","protected":false},"featured_media":9625,"comment_status":"open","ping_status":"closed","template":"","meta":[],"product_cat":[159,62],"product_tag":[175,77,248],"_links":{"self":[{"href":"https:\/\/sexshopzagues.com.mx\/tienda\/index.php?rest_route=\/wp\/v2\/product\/9624"}],"collection":[{"href":"https:\/\/sexshopzagues.com.mx\/tienda\/index.php?rest_route=\/wp\/v2\/product"}],"about":[{"href":"https:\/\/sexshopzagues.com.mx\/tienda\/index.php?rest_route=\/wp\/v2\/types\/product"}],"replies":[{"embeddable":true,"href":"https:\/\/sexshopzagues.com.mx\/tienda\/index.php?rest_route=%2Fwp%2Fv2%2Fcomments&post=9624"}],"wp:featuredmedia":[{"embeddable":true,"href":"https:\/\/sexshopzagues.com.mx\/tienda\/index.php?rest_route=\/wp\/v2\/media\/9625"}],"wp:attachment":[{"href":"https:\/\/sexshopzagues.com.mx\/tienda\/index.php?rest_route=%2Fwp%2Fv2%2Fmedia&parent=9624"}],"wp:term":[{"taxonomy":"product_cat","embeddable":true,"href":"https:\/\/sexshopzagues.com.mx\/tienda\/index.php?rest_route=%2Fwp%2Fv2%2Fproduct_cat&post=9624"},{"taxonomy":"product_tag","embeddable":true,"href":"https:\/\/sexshopzagues.com.mx\/tienda\/index.php?rest_route=%2Fwp%2Fv2%2Fproduct_tag&post=9624"}],"curies":[{"name":"wp","href":"https:\/\/api.w.org\/{rel}","templated":true}]}}