{"id":9613,"date":"2018-01-16T21:39:40","date_gmt":"2018-01-16T21:39:40","guid":{"rendered":"http:\/\/sexshopzagues.com.mx\/tienda\/?post_type=product&#038;p=9613"},"modified":"2023-02-25T06:37:19","modified_gmt":"2023-02-25T06:37:19","slug":"real-feel-penis-extension","status":"publish","type":"product","link":"https:\/\/sexshopzagues.com.mx\/tienda\/?product=real-feel-penis-extension","title":{"rendered":"Real Feel Penis Extension"},"content":{"rendered":"<p>Extensi\u00f3n que se adapta perfectamente al miembro, ayud\u00e1ndote a simular el pene mas largo y un poco mas grueso. Tu pareja disfrutar\u00e1 con su suave textura muy similar a la piel. Material resistente y t\u00e9rmico. Extensi\u00f3n de 4cm, tama\u00f1o total de 17cm.<\/p>\n","protected":false},"excerpt":{"rendered":"Funda Extensi\u00f3n, de material realista","protected":false},"featured_media":9614,"comment_status":"open","ping_status":"closed","template":"","meta":[],"product_cat":[159,69],"product_tag":[191,82,76],"_links":{"self":[{"href":"https:\/\/sexshopzagues.com.mx\/tienda\/index.php?rest_route=\/wp\/v2\/product\/9613"}],"collection":[{"href":"https:\/\/sexshopzagues.com.mx\/tienda\/index.php?rest_route=\/wp\/v2\/product"}],"about":[{"href":"https:\/\/sexshopzagues.com.mx\/tienda\/index.php?rest_route=\/wp\/v2\/types\/product"}],"replies":[{"embeddable":true,"href":"https:\/\/sexshopzagues.com.mx\/tienda\/index.php?rest_route=%2Fwp%2Fv2%2Fcomments&post=9613"}],"wp:featuredmedia":[{"embeddable":true,"href":"https:\/\/sexshopzagues.com.mx\/tienda\/index.php?rest_route=\/wp\/v2\/media\/9614"}],"wp:attachment":[{"href":"https:\/\/sexshopzagues.com.mx\/tienda\/index.php?rest_route=%2Fwp%2Fv2%2Fmedia&parent=9613"}],"wp:term":[{"taxonomy":"product_cat","embeddable":true,"href":"https:\/\/sexshopzagues.com.mx\/tienda\/index.php?rest_route=%2Fwp%2Fv2%2Fproduct_cat&post=9613"},{"taxonomy":"product_tag","embeddable":true,"href":"https:\/\/sexshopzagues.com.mx\/tienda\/index.php?rest_route=%2Fwp%2Fv2%2Fproduct_tag&post=9613"}],"curies":[{"name":"wp","href":"https:\/\/api.w.org\/{rel}","templated":true}]}}