{"id":9594,"date":"2018-01-15T20:13:00","date_gmt":"2018-01-15T20:13:00","guid":{"rendered":"http:\/\/sexshopzagues.com.mx\/tienda\/?post_type=product&#038;p=9594"},"modified":"2023-02-25T06:32:21","modified_gmt":"2023-02-25T06:32:21","slug":"fetish-fantasy-series-triple-suckers","status":"publish","type":"product","link":"https:\/\/sexshopzagues.com.mx\/tienda\/?product=fetish-fantasy-series-triple-suckers","title":{"rendered":"Fetish Fantasy Series Triple Suckers"},"content":{"rendered":"<p>Encienda los 3 mini vibradores, coloque los Nipple Super Suck-Hers ahuecados sobre los pezones y coloque el Clit Suck-Her con forma de copa sobre el \u00e1rea del cl\u00edtoris y bombee la pelota hasta que los succionadores permanezcan en su lugar. La succi\u00f3n estimulante y la vibraci\u00f3n excitante producen un cl\u00edmax sensacional. Simplemente presione el bot\u00f3n de liberaci\u00f3n r\u00e1pida cuando termine.<\/p>\n","protected":false},"excerpt":{"rendered":"Bombas succionadoras para pezones y cl\u00edtoris, con vibraci\u00f3n.","protected":false},"featured_media":9595,"comment_status":"open","ping_status":"closed","template":"","meta":[],"product_cat":[73,179,243,53,57],"product_tag":[94,76,240],"_links":{"self":[{"href":"https:\/\/sexshopzagues.com.mx\/tienda\/index.php?rest_route=\/wp\/v2\/product\/9594"}],"collection":[{"href":"https:\/\/sexshopzagues.com.mx\/tienda\/index.php?rest_route=\/wp\/v2\/product"}],"about":[{"href":"https:\/\/sexshopzagues.com.mx\/tienda\/index.php?rest_route=\/wp\/v2\/types\/product"}],"replies":[{"embeddable":true,"href":"https:\/\/sexshopzagues.com.mx\/tienda\/index.php?rest_route=%2Fwp%2Fv2%2Fcomments&post=9594"}],"wp:featuredmedia":[{"embeddable":true,"href":"https:\/\/sexshopzagues.com.mx\/tienda\/index.php?rest_route=\/wp\/v2\/media\/9595"}],"wp:attachment":[{"href":"https:\/\/sexshopzagues.com.mx\/tienda\/index.php?rest_route=%2Fwp%2Fv2%2Fmedia&parent=9594"}],"wp:term":[{"taxonomy":"product_cat","embeddable":true,"href":"https:\/\/sexshopzagues.com.mx\/tienda\/index.php?rest_route=%2Fwp%2Fv2%2Fproduct_cat&post=9594"},{"taxonomy":"product_tag","embeddable":true,"href":"https:\/\/sexshopzagues.com.mx\/tienda\/index.php?rest_route=%2Fwp%2Fv2%2Fproduct_tag&post=9594"}],"curies":[{"name":"wp","href":"https:\/\/api.w.org\/{rel}","templated":true}]}}