{"id":9535,"date":"2018-01-11T22:31:16","date_gmt":"2018-01-11T22:31:16","guid":{"rendered":"http:\/\/sexshopzagues.com.mx\/tienda\/?post_type=product&#038;p=9535"},"modified":"2023-02-25T06:33:58","modified_gmt":"2023-02-25T06:33:58","slug":"real-feel-lifelike-toyz-no-12","status":"publish","type":"product","link":"https:\/\/sexshopzagues.com.mx\/tienda\/?product=real-feel-lifelike-toyz-no-12","title":{"rendered":"Real Feel Lifelike No. 12"},"content":{"rendered":"<p>Disfruta del\u00a0Real Feel,\u00a0de su super suave y real\u00edstico material, tan parecido a la piel. Fabricado con la gelatina ultra real\u00edstica\u00a0Fanta Flesh, el mullido material imita la suavidad y textura de la carne humana. Escoge la velocidad mediante el control ubicado en la base y disfruta de las poderosas vibraciones a la vez que el vibrador se adapta a la temperatura de tu cuerpo.<\/p>\n<p>Pru\u00e9balo en la ducha o en el spa y convierte la hora del ba\u00f1o, en la hora del placer! Utiliza lubricante para un encuentro extra h\u00famedo. Se limpia f\u00e1cilmente con agua tibia y el limpiador\u00a0Toy Cleaner de Pipedream.<\/p>\n<p>Medidas: Insertable 22.9cm x 5.1cm<\/p>\n","protected":false},"excerpt":{"rendered":"Vibrador de material real\u00edstico.","protected":false},"featured_media":9536,"comment_status":"open","ping_status":"closed","template":"","meta":[],"product_cat":[182,176,57],"product_tag":[96,82,76,196],"_links":{"self":[{"href":"https:\/\/sexshopzagues.com.mx\/tienda\/index.php?rest_route=\/wp\/v2\/product\/9535"}],"collection":[{"href":"https:\/\/sexshopzagues.com.mx\/tienda\/index.php?rest_route=\/wp\/v2\/product"}],"about":[{"href":"https:\/\/sexshopzagues.com.mx\/tienda\/index.php?rest_route=\/wp\/v2\/types\/product"}],"replies":[{"embeddable":true,"href":"https:\/\/sexshopzagues.com.mx\/tienda\/index.php?rest_route=%2Fwp%2Fv2%2Fcomments&post=9535"}],"wp:featuredmedia":[{"embeddable":true,"href":"https:\/\/sexshopzagues.com.mx\/tienda\/index.php?rest_route=\/wp\/v2\/media\/9536"}],"wp:attachment":[{"href":"https:\/\/sexshopzagues.com.mx\/tienda\/index.php?rest_route=%2Fwp%2Fv2%2Fmedia&parent=9535"}],"wp:term":[{"taxonomy":"product_cat","embeddable":true,"href":"https:\/\/sexshopzagues.com.mx\/tienda\/index.php?rest_route=%2Fwp%2Fv2%2Fproduct_cat&post=9535"},{"taxonomy":"product_tag","embeddable":true,"href":"https:\/\/sexshopzagues.com.mx\/tienda\/index.php?rest_route=%2Fwp%2Fv2%2Fproduct_tag&post=9535"}],"curies":[{"name":"wp","href":"https:\/\/api.w.org\/{rel}","templated":true}]}}