{"id":9522,"date":"2018-01-11T21:38:17","date_gmt":"2018-01-11T21:38:17","guid":{"rendered":"http:\/\/sexshopzagues.com.mx\/tienda\/?post_type=product&#038;p=9522"},"modified":"2021-09-04T01:46:35","modified_gmt":"2021-09-04T01:46:35","slug":"real-feel-lifelike-toyz-no-10","status":"publish","type":"product","link":"https:\/\/sexshopzagues.com.mx\/tienda\/?product=real-feel-lifelike-toyz-no-10","title":{"rendered":"Real Feel Lifelike Toyz No. 10"},"content":{"rendered":"<p>Disfruta del\u00a0Real Feel,\u00a0de su super suave y real\u00edstico material, tan parecido a la piel. Fabricado con la gelatina ultra real\u00edstica\u00a0Fanta Flesh, el mullido material imita la suavidad y textura de la carne humana. Escoge la velocidad mediante el control ubicado en la base y disfruta de las poderosas vibraciones a la vez que el vibrador se adapta a la temperatura de tu cuerpo.<\/p>\n<p>Pru\u00e9balo en la ducha o en el spa y convierte la hora del ba\u00f1o, en la hora del placer! Utiliza lubricante para un encuentro extra h\u00famedo. Se limpia f\u00e1cilmente con agua tibia y el limpiador\u00a0Toy Cleaner de Pipedream.<\/p>\n<p>Medidas: Insertable 22.2cm x 5.8cm<\/p>\n","protected":false},"excerpt":{"rendered":"Vibrador de material real\u00edstico.","protected":false},"featured_media":9523,"comment_status":"open","ping_status":"closed","template":"","meta":[],"product_cat":[57],"product_tag":[96,82,76],"_links":{"self":[{"href":"https:\/\/sexshopzagues.com.mx\/tienda\/index.php?rest_route=\/wp\/v2\/product\/9522"}],"collection":[{"href":"https:\/\/sexshopzagues.com.mx\/tienda\/index.php?rest_route=\/wp\/v2\/product"}],"about":[{"href":"https:\/\/sexshopzagues.com.mx\/tienda\/index.php?rest_route=\/wp\/v2\/types\/product"}],"replies":[{"embeddable":true,"href":"https:\/\/sexshopzagues.com.mx\/tienda\/index.php?rest_route=%2Fwp%2Fv2%2Fcomments&post=9522"}],"wp:featuredmedia":[{"embeddable":true,"href":"https:\/\/sexshopzagues.com.mx\/tienda\/index.php?rest_route=\/wp\/v2\/media\/9523"}],"wp:attachment":[{"href":"https:\/\/sexshopzagues.com.mx\/tienda\/index.php?rest_route=%2Fwp%2Fv2%2Fmedia&parent=9522"}],"wp:term":[{"taxonomy":"product_cat","embeddable":true,"href":"https:\/\/sexshopzagues.com.mx\/tienda\/index.php?rest_route=%2Fwp%2Fv2%2Fproduct_cat&post=9522"},{"taxonomy":"product_tag","embeddable":true,"href":"https:\/\/sexshopzagues.com.mx\/tienda\/index.php?rest_route=%2Fwp%2Fv2%2Fproduct_tag&post=9522"}],"curies":[{"name":"wp","href":"https:\/\/api.w.org\/{rel}","templated":true}]}}