{"id":9512,"date":"2018-01-09T01:47:09","date_gmt":"2018-01-09T01:47:09","guid":{"rendered":"http:\/\/sexshopzagues.com.mx\/tienda\/?post_type=product&#038;p=9512"},"modified":"2023-02-25T06:35:14","modified_gmt":"2023-02-25T06:35:14","slug":"shiatsu-purple","status":"publish","type":"product","link":"https:\/\/sexshopzagues.com.mx\/tienda\/?product=shiatsu-purple","title":{"rendered":"Shiatsu &#8211; Purple"},"content":{"rendered":"<p><iframe loading=\"lazy\" width=\"980\" height=\"551\" src=\"https:\/\/www.youtube.com\/embed\/L4dhZ3YK3H8?feature=oembed\" frameborder=\"0\" allow=\"accelerometer; autoplay; encrypted-media; gyroscope; picture-in-picture\" allowfullscreen><\/iframe><\/p>\n<p>VIVE es un fen\u00f3meno nuevo en el mundo de los productos de lujo para el placer de los adultos. El Shiatsu tiene un dise\u00f1o \u00fanico, lo que lo convierte en un fest\u00edn para los ojos y su forma idiosincr\u00e1sica lo llevar\u00e1 a ambientes de \u00e9xtasis. Los 10 diferentes patrones de vibraci\u00f3n provienen de una nueva tecnolog\u00eda recargable, \u00fanica e innovadora que la hace incre\u00edblemente fuerte. La cabeza flexible ha sido dise\u00f1ada con 24 puntos para una estimulaci\u00f3n \u00f3ptima. La parte inferior de este juguete le dar\u00e1 una incre\u00edble experiencia de penetraci\u00f3n y est\u00e1 hecho de silicona antipolvo de alta calidad resistente al agua.<\/p>\n<p>\u00a1Con el Shiatsu se sentir\u00e1 absolutamente especial!<\/p>\n<ul>\n<li>Recargable<\/li>\n<li>10 Frecuencias de vibraci\u00f3n<\/li>\n<li>Para penetraci\u00f3n o estimulaci\u00f3n superficial<\/li>\n<li>A prueba de agua<\/li>\n<li>Novedoso dise\u00f1o<\/li>\n<\/ul>\n","protected":false},"excerpt":{"rendered":"Vibrador de alta gama, estimulaci\u00f3n superficial o penetraci\u00f3n.","protected":false},"featured_media":9513,"comment_status":"open","ping_status":"closed","template":"","meta":[],"product_cat":[180,72,157,57],"product_tag":[96,94,91,118,93,150],"_links":{"self":[{"href":"https:\/\/sexshopzagues.com.mx\/tienda\/index.php?rest_route=\/wp\/v2\/product\/9512"}],"collection":[{"href":"https:\/\/sexshopzagues.com.mx\/tienda\/index.php?rest_route=\/wp\/v2\/product"}],"about":[{"href":"https:\/\/sexshopzagues.com.mx\/tienda\/index.php?rest_route=\/wp\/v2\/types\/product"}],"replies":[{"embeddable":true,"href":"https:\/\/sexshopzagues.com.mx\/tienda\/index.php?rest_route=%2Fwp%2Fv2%2Fcomments&post=9512"}],"wp:featuredmedia":[{"embeddable":true,"href":"https:\/\/sexshopzagues.com.mx\/tienda\/index.php?rest_route=\/wp\/v2\/media\/9513"}],"wp:attachment":[{"href":"https:\/\/sexshopzagues.com.mx\/tienda\/index.php?rest_route=%2Fwp%2Fv2%2Fmedia&parent=9512"}],"wp:term":[{"taxonomy":"product_cat","embeddable":true,"href":"https:\/\/sexshopzagues.com.mx\/tienda\/index.php?rest_route=%2Fwp%2Fv2%2Fproduct_cat&post=9512"},{"taxonomy":"product_tag","embeddable":true,"href":"https:\/\/sexshopzagues.com.mx\/tienda\/index.php?rest_route=%2Fwp%2Fv2%2Fproduct_tag&post=9512"}],"curies":[{"name":"wp","href":"https:\/\/api.w.org\/{rel}","templated":true}]}}