{"id":9307,"date":"2017-12-30T02:05:40","date_gmt":"2017-12-30T02:05:40","guid":{"rendered":"http:\/\/sexshopzagues.com.mx\/tienda\/?post_type=product&#038;p=9307"},"modified":"2023-02-25T06:38:41","modified_gmt":"2023-02-25T06:38:41","slug":"super-x-trem-vibe-scorpion","status":"publish","type":"product","link":"https:\/\/sexshopzagues.com.mx\/tienda\/?product=super-x-trem-vibe-scorpion","title":{"rendered":"Super X-trem Vibe Scorpion"},"content":{"rendered":"<p>D\u00e9jala sin aliento y sorpr\u00e9ndela con el poderoso Scorpion de 3 motores!<\/p>\n<p>Anillo vibrador que mejora erecci\u00f3n, en su parte superior cuenta con un estimulador de cl\u00edtoris en forma de lengua b\u00edfida, contando tambien con una bala vibradora en la parte inferior que estimular\u00e1 escroto; te permite a la vez dar placer v\u00eda anal ya que incluye un eje muy flexible para penetrar, texturizado, con un potente vibrador en la punta.<\/p>\n<p>Qu\u00e9 esperas? Desata la furia de este poderoso Scorpion.<\/p>\n","protected":false},"excerpt":{"rendered":"Anillo vibrador con 3 motores, para doble penetraci\u00f3n.","protected":false},"featured_media":9308,"comment_status":"open","ping_status":"closed","template":"","meta":[],"product_cat":[159,62],"product_tag":[97,79],"_links":{"self":[{"href":"https:\/\/sexshopzagues.com.mx\/tienda\/index.php?rest_route=\/wp\/v2\/product\/9307"}],"collection":[{"href":"https:\/\/sexshopzagues.com.mx\/tienda\/index.php?rest_route=\/wp\/v2\/product"}],"about":[{"href":"https:\/\/sexshopzagues.com.mx\/tienda\/index.php?rest_route=\/wp\/v2\/types\/product"}],"replies":[{"embeddable":true,"href":"https:\/\/sexshopzagues.com.mx\/tienda\/index.php?rest_route=%2Fwp%2Fv2%2Fcomments&post=9307"}],"wp:featuredmedia":[{"embeddable":true,"href":"https:\/\/sexshopzagues.com.mx\/tienda\/index.php?rest_route=\/wp\/v2\/media\/9308"}],"wp:attachment":[{"href":"https:\/\/sexshopzagues.com.mx\/tienda\/index.php?rest_route=%2Fwp%2Fv2%2Fmedia&parent=9307"}],"wp:term":[{"taxonomy":"product_cat","embeddable":true,"href":"https:\/\/sexshopzagues.com.mx\/tienda\/index.php?rest_route=%2Fwp%2Fv2%2Fproduct_cat&post=9307"},{"taxonomy":"product_tag","embeddable":true,"href":"https:\/\/sexshopzagues.com.mx\/tienda\/index.php?rest_route=%2Fwp%2Fv2%2Fproduct_tag&post=9307"}],"curies":[{"name":"wp","href":"https:\/\/api.w.org\/{rel}","templated":true}]}}