{"id":9293,"date":"2017-12-29T23:42:32","date_gmt":"2017-12-29T23:42:32","guid":{"rendered":"http:\/\/sexshopzagues.com.mx\/tienda\/?post_type=product&#038;p=9293"},"modified":"2023-02-25T06:39:54","modified_gmt":"2023-02-25T06:39:54","slug":"tongue-teaser-magenta","status":"publish","type":"product","link":"https:\/\/sexshopzagues.com.mx\/tienda\/?product=tongue-teaser-magenta","title":{"rendered":"Tongue Teaser &#8211; Magenta"},"content":{"rendered":"<p>El Tongue Teaser es un vibrador para sexo oral que se ajusta a la lengua, gracias a su banda el\u00e1stica que se adapta c\u00f3modamente, proporcionando a su pareja intensas sensaci\u00f3nes.<\/p>\n<p>El sexo oral nunca hab\u00eda sido tan placentero!<\/p>\n<p>&nbsp;<\/p>\n","protected":false},"excerpt":{"rendered":"Vibrador para sexo oral","protected":false},"featured_media":9294,"comment_status":"open","ping_status":"closed","template":"","meta":[],"product_cat":[57],"product_tag":[79],"_links":{"self":[{"href":"https:\/\/sexshopzagues.com.mx\/tienda\/index.php?rest_route=\/wp\/v2\/product\/9293"}],"collection":[{"href":"https:\/\/sexshopzagues.com.mx\/tienda\/index.php?rest_route=\/wp\/v2\/product"}],"about":[{"href":"https:\/\/sexshopzagues.com.mx\/tienda\/index.php?rest_route=\/wp\/v2\/types\/product"}],"replies":[{"embeddable":true,"href":"https:\/\/sexshopzagues.com.mx\/tienda\/index.php?rest_route=%2Fwp%2Fv2%2Fcomments&post=9293"}],"wp:featuredmedia":[{"embeddable":true,"href":"https:\/\/sexshopzagues.com.mx\/tienda\/index.php?rest_route=\/wp\/v2\/media\/9294"}],"wp:attachment":[{"href":"https:\/\/sexshopzagues.com.mx\/tienda\/index.php?rest_route=%2Fwp%2Fv2%2Fmedia&parent=9293"}],"wp:term":[{"taxonomy":"product_cat","embeddable":true,"href":"https:\/\/sexshopzagues.com.mx\/tienda\/index.php?rest_route=%2Fwp%2Fv2%2Fproduct_cat&post=9293"},{"taxonomy":"product_tag","embeddable":true,"href":"https:\/\/sexshopzagues.com.mx\/tienda\/index.php?rest_route=%2Fwp%2Fv2%2Fproduct_tag&post=9293"}],"curies":[{"name":"wp","href":"https:\/\/api.w.org\/{rel}","templated":true}]}}