{"id":9201,"date":"2017-12-19T01:38:26","date_gmt":"2017-12-19T01:38:26","guid":{"rendered":"http:\/\/sexshopzagues.com.mx\/tienda\/?post_type=product&#038;p=9201"},"modified":"2023-02-25T06:48:14","modified_gmt":"2023-02-25T06:48:14","slug":"orgasmix-almohadilla","status":"publish","type":"product","link":"https:\/\/sexshopzagues.com.mx\/tienda\/?product=orgasmix-almohadilla","title":{"rendered":"Orgasmix Almohadilla"},"content":{"rendered":"<p>Gel estimulante con \u00a0L-Arginina que intensifica la sensaci\u00f3n y favorece el orgasmo, ya que sensibiliza cl\u00edtoris y labios. Aplique una peque\u00f1a cantidad directamente en cl\u00edtoris.<\/p>\n<p>Presentaci\u00f3n almohadilla.<\/p>\n","protected":false},"excerpt":{"rendered":"Gel estimulante femenino.","protected":false},"featured_media":9202,"comment_status":"open","ping_status":"closed","template":"","meta":[],"product_cat":[102,59],"product_tag":[94,79,103],"_links":{"self":[{"href":"https:\/\/sexshopzagues.com.mx\/tienda\/index.php?rest_route=\/wp\/v2\/product\/9201"}],"collection":[{"href":"https:\/\/sexshopzagues.com.mx\/tienda\/index.php?rest_route=\/wp\/v2\/product"}],"about":[{"href":"https:\/\/sexshopzagues.com.mx\/tienda\/index.php?rest_route=\/wp\/v2\/types\/product"}],"replies":[{"embeddable":true,"href":"https:\/\/sexshopzagues.com.mx\/tienda\/index.php?rest_route=%2Fwp%2Fv2%2Fcomments&post=9201"}],"wp:featuredmedia":[{"embeddable":true,"href":"https:\/\/sexshopzagues.com.mx\/tienda\/index.php?rest_route=\/wp\/v2\/media\/9202"}],"wp:attachment":[{"href":"https:\/\/sexshopzagues.com.mx\/tienda\/index.php?rest_route=%2Fwp%2Fv2%2Fmedia&parent=9201"}],"wp:term":[{"taxonomy":"product_cat","embeddable":true,"href":"https:\/\/sexshopzagues.com.mx\/tienda\/index.php?rest_route=%2Fwp%2Fv2%2Fproduct_cat&post=9201"},{"taxonomy":"product_tag","embeddable":true,"href":"https:\/\/sexshopzagues.com.mx\/tienda\/index.php?rest_route=%2Fwp%2Fv2%2Fproduct_tag&post=9201"}],"curies":[{"name":"wp","href":"https:\/\/api.w.org\/{rel}","templated":true}]}}