{"id":9199,"date":"2017-12-19T01:36:14","date_gmt":"2017-12-19T01:36:14","guid":{"rendered":"http:\/\/sexshopzagues.com.mx\/tienda\/?post_type=product&#038;p=9199"},"modified":"2023-02-25T07:07:43","modified_gmt":"2023-02-25T07:07:43","slug":"liquid-virgin-almohadilla","status":"publish","type":"product","link":"https:\/\/sexshopzagues.com.mx\/tienda\/?product=liquid-virgin-almohadilla","title":{"rendered":"Liquid Virgin Almohadilla"},"content":{"rendered":"<p>La experiencia de la primera vez es posible gracias a la exclusiva f\u00f3rmula de Liquid Virgin. Su f\u00f3rmula adem\u00e1s de ser estrechante, te estimular\u00e1. Base agua, extra hidratante y ligeramente perfumada con aroma a fresa.<\/p>\n<p>Presentaci\u00f3n almohadilla<\/p>\n","protected":false},"excerpt":{"rendered":"Estrechante vaginal.","protected":false},"featured_media":9200,"comment_status":"open","ping_status":"closed","template":"","meta":[],"product_cat":[102,59],"product_tag":[100,104,79],"_links":{"self":[{"href":"https:\/\/sexshopzagues.com.mx\/tienda\/index.php?rest_route=\/wp\/v2\/product\/9199"}],"collection":[{"href":"https:\/\/sexshopzagues.com.mx\/tienda\/index.php?rest_route=\/wp\/v2\/product"}],"about":[{"href":"https:\/\/sexshopzagues.com.mx\/tienda\/index.php?rest_route=\/wp\/v2\/types\/product"}],"replies":[{"embeddable":true,"href":"https:\/\/sexshopzagues.com.mx\/tienda\/index.php?rest_route=%2Fwp%2Fv2%2Fcomments&post=9199"}],"wp:featuredmedia":[{"embeddable":true,"href":"https:\/\/sexshopzagues.com.mx\/tienda\/index.php?rest_route=\/wp\/v2\/media\/9200"}],"wp:attachment":[{"href":"https:\/\/sexshopzagues.com.mx\/tienda\/index.php?rest_route=%2Fwp%2Fv2%2Fmedia&parent=9199"}],"wp:term":[{"taxonomy":"product_cat","embeddable":true,"href":"https:\/\/sexshopzagues.com.mx\/tienda\/index.php?rest_route=%2Fwp%2Fv2%2Fproduct_cat&post=9199"},{"taxonomy":"product_tag","embeddable":true,"href":"https:\/\/sexshopzagues.com.mx\/tienda\/index.php?rest_route=%2Fwp%2Fv2%2Fproduct_tag&post=9199"}],"curies":[{"name":"wp","href":"https:\/\/api.w.org\/{rel}","templated":true}]}}