{"id":9197,"date":"2017-12-19T01:20:41","date_gmt":"2017-12-19T01:20:41","guid":{"rendered":"http:\/\/sexshopzagues.com.mx\/tienda\/?post_type=product&#038;p=9197"},"modified":"2023-02-25T06:50:20","modified_gmt":"2023-02-25T06:50:20","slug":"horny-honey-arousal-cream-almohadilla","status":"publish","type":"product","link":"https:\/\/sexshopzagues.com.mx\/tienda\/?product=horny-honey-arousal-cream-almohadilla","title":{"rendered":"Horny Honey Arousal Cream Almohadilla"},"content":{"rendered":"<p>Crema estimulante para hombre y mujer, con ingredientes naturales que favorecen la irrigaci\u00f3n sangu\u00ednea erectando cl\u00edtoris y haciendo labios m\u00e1s sensibles al roce, estimula tambi\u00e9n el miembro masculino. Es seguro para la pr\u00e1ctica de sexo oral y no interfiere con el uso de preservativos.<\/p>\n<p>Presentaci\u00f3n almohadilla.<\/p>\n","protected":false},"excerpt":{"rendered":"Crema estimulante para hombre y mujer.","protected":false},"featured_media":9198,"comment_status":"open","ping_status":"closed","template":"","meta":[],"product_cat":[102,59],"product_tag":[79,103],"_links":{"self":[{"href":"https:\/\/sexshopzagues.com.mx\/tienda\/index.php?rest_route=\/wp\/v2\/product\/9197"}],"collection":[{"href":"https:\/\/sexshopzagues.com.mx\/tienda\/index.php?rest_route=\/wp\/v2\/product"}],"about":[{"href":"https:\/\/sexshopzagues.com.mx\/tienda\/index.php?rest_route=\/wp\/v2\/types\/product"}],"replies":[{"embeddable":true,"href":"https:\/\/sexshopzagues.com.mx\/tienda\/index.php?rest_route=%2Fwp%2Fv2%2Fcomments&post=9197"}],"wp:featuredmedia":[{"embeddable":true,"href":"https:\/\/sexshopzagues.com.mx\/tienda\/index.php?rest_route=\/wp\/v2\/media\/9198"}],"wp:attachment":[{"href":"https:\/\/sexshopzagues.com.mx\/tienda\/index.php?rest_route=%2Fwp%2Fv2%2Fmedia&parent=9197"}],"wp:term":[{"taxonomy":"product_cat","embeddable":true,"href":"https:\/\/sexshopzagues.com.mx\/tienda\/index.php?rest_route=%2Fwp%2Fv2%2Fproduct_cat&post=9197"},{"taxonomy":"product_tag","embeddable":true,"href":"https:\/\/sexshopzagues.com.mx\/tienda\/index.php?rest_route=%2Fwp%2Fv2%2Fproduct_tag&post=9197"}],"curies":[{"name":"wp","href":"https:\/\/api.w.org\/{rel}","templated":true}]}}