{"id":9046,"date":"2017-12-05T21:53:38","date_gmt":"2017-12-05T21:53:38","guid":{"rendered":"http:\/\/sexshopzagues.com.mx\/tienda\/?post_type=product&#038;p=9046"},"modified":"2023-02-25T07:09:29","modified_gmt":"2023-02-25T07:09:29","slug":"happy-cup-mouth-ass-masturbator-purple","status":"publish","type":"product","link":"https:\/\/sexshopzagues.com.mx\/tienda\/?product=happy-cup-mouth-ass-masturbator-purple","title":{"rendered":"Happy Cup Mouth &#038; Ass Masturbator &#8211; Purple"},"content":{"rendered":"<p>La copa que m\u00e1s placer te dar\u00e1. Este masturbador cuenta con 2 extremos en distinta forma, boca y ano, con canales texturizados que a\u00f1adir\u00e1n a\u00fan m\u00e1s placer.<\/p>\n<p>Higi\u00e9nica y f\u00e1cil de mantener.<\/p>\n","protected":false},"excerpt":{"rendered":"Masturbador boca-vagina","protected":false},"featured_media":9047,"comment_status":"open","ping_status":"closed","template":"","meta":[],"product_cat":[66],"product_tag":[77,82],"_links":{"self":[{"href":"https:\/\/sexshopzagues.com.mx\/tienda\/index.php?rest_route=\/wp\/v2\/product\/9046"}],"collection":[{"href":"https:\/\/sexshopzagues.com.mx\/tienda\/index.php?rest_route=\/wp\/v2\/product"}],"about":[{"href":"https:\/\/sexshopzagues.com.mx\/tienda\/index.php?rest_route=\/wp\/v2\/types\/product"}],"replies":[{"embeddable":true,"href":"https:\/\/sexshopzagues.com.mx\/tienda\/index.php?rest_route=%2Fwp%2Fv2%2Fcomments&post=9046"}],"wp:featuredmedia":[{"embeddable":true,"href":"https:\/\/sexshopzagues.com.mx\/tienda\/index.php?rest_route=\/wp\/v2\/media\/9047"}],"wp:attachment":[{"href":"https:\/\/sexshopzagues.com.mx\/tienda\/index.php?rest_route=%2Fwp%2Fv2%2Fmedia&parent=9046"}],"wp:term":[{"taxonomy":"product_cat","embeddable":true,"href":"https:\/\/sexshopzagues.com.mx\/tienda\/index.php?rest_route=%2Fwp%2Fv2%2Fproduct_cat&post=9046"},{"taxonomy":"product_tag","embeddable":true,"href":"https:\/\/sexshopzagues.com.mx\/tienda\/index.php?rest_route=%2Fwp%2Fv2%2Fproduct_tag&post=9046"}],"curies":[{"name":"wp","href":"https:\/\/api.w.org\/{rel}","templated":true}]}}