{"id":9038,"date":"2017-12-05T20:54:09","date_gmt":"2017-12-05T20:54:09","guid":{"rendered":"http:\/\/sexshopzagues.com.mx\/tienda\/?post_type=product&#038;p=9038"},"modified":"2021-09-04T02:32:07","modified_gmt":"2021-09-04T02:32:07","slug":"happy-cup-mouth-ass-masturbator-blue","status":"publish","type":"product","link":"https:\/\/sexshopzagues.com.mx\/tienda\/?product=happy-cup-mouth-ass-masturbator-blue","title":{"rendered":"Happy Cup Mouth &#038; Ass Masturbator &#8211; Blue"},"content":{"rendered":"<p>La copa que m\u00e1s placer te dar\u00e1. Este masturbador cuenta con 2 extremos en distinta forma, boca y ano, con canales texturizados que a\u00f1adir\u00e1n a\u00fan m\u00e1s placer.<\/p>\n<p>Higi\u00e9nica y f\u00e1cil de mantener.<\/p>\n","protected":false},"excerpt":{"rendered":"Masturbador boca-vagina","protected":false},"featured_media":9039,"comment_status":"open","ping_status":"closed","template":"","meta":[],"product_cat":[66],"product_tag":[77,82],"_links":{"self":[{"href":"https:\/\/sexshopzagues.com.mx\/tienda\/index.php?rest_route=\/wp\/v2\/product\/9038"}],"collection":[{"href":"https:\/\/sexshopzagues.com.mx\/tienda\/index.php?rest_route=\/wp\/v2\/product"}],"about":[{"href":"https:\/\/sexshopzagues.com.mx\/tienda\/index.php?rest_route=\/wp\/v2\/types\/product"}],"replies":[{"embeddable":true,"href":"https:\/\/sexshopzagues.com.mx\/tienda\/index.php?rest_route=%2Fwp%2Fv2%2Fcomments&post=9038"}],"wp:featuredmedia":[{"embeddable":true,"href":"https:\/\/sexshopzagues.com.mx\/tienda\/index.php?rest_route=\/wp\/v2\/media\/9039"}],"wp:attachment":[{"href":"https:\/\/sexshopzagues.com.mx\/tienda\/index.php?rest_route=%2Fwp%2Fv2%2Fmedia&parent=9038"}],"wp:term":[{"taxonomy":"product_cat","embeddable":true,"href":"https:\/\/sexshopzagues.com.mx\/tienda\/index.php?rest_route=%2Fwp%2Fv2%2Fproduct_cat&post=9038"},{"taxonomy":"product_tag","embeddable":true,"href":"https:\/\/sexshopzagues.com.mx\/tienda\/index.php?rest_route=%2Fwp%2Fv2%2Fproduct_tag&post=9038"}],"curies":[{"name":"wp","href":"https:\/\/api.w.org\/{rel}","templated":true}]}}