{"id":9034,"date":"2017-12-05T20:42:16","date_gmt":"2017-12-05T20:42:16","guid":{"rendered":"http:\/\/sexshopzagues.com.mx\/tienda\/?post_type=product&#038;p=9034"},"modified":"2021-09-04T02:32:24","modified_gmt":"2021-09-04T02:32:24","slug":"happy-cup-pussy-mouth-masturbator","status":"publish","type":"product","link":"https:\/\/sexshopzagues.com.mx\/tienda\/?product=happy-cup-pussy-mouth-masturbator","title":{"rendered":"Happy Cup Pussy &#038; Mouth Masturbator"},"content":{"rendered":"<p>La copa que m\u00e1s placer te dar\u00e1. Este masturbador cuenta con 2 extremos en distinta forma, boca y vagina, con canales texturizados que a\u00f1adir\u00e1n a\u00fan m\u00e1s placer.<\/p>\n<p>Higi\u00e9nica y f\u00e1cil de mantener.<\/p>\n","protected":false},"excerpt":{"rendered":"Masturbador boca-vagina","protected":false},"featured_media":9035,"comment_status":"open","ping_status":"closed","template":"","meta":[],"product_cat":[66],"product_tag":[77,82],"_links":{"self":[{"href":"https:\/\/sexshopzagues.com.mx\/tienda\/index.php?rest_route=\/wp\/v2\/product\/9034"}],"collection":[{"href":"https:\/\/sexshopzagues.com.mx\/tienda\/index.php?rest_route=\/wp\/v2\/product"}],"about":[{"href":"https:\/\/sexshopzagues.com.mx\/tienda\/index.php?rest_route=\/wp\/v2\/types\/product"}],"replies":[{"embeddable":true,"href":"https:\/\/sexshopzagues.com.mx\/tienda\/index.php?rest_route=%2Fwp%2Fv2%2Fcomments&post=9034"}],"wp:featuredmedia":[{"embeddable":true,"href":"https:\/\/sexshopzagues.com.mx\/tienda\/index.php?rest_route=\/wp\/v2\/media\/9035"}],"wp:attachment":[{"href":"https:\/\/sexshopzagues.com.mx\/tienda\/index.php?rest_route=%2Fwp%2Fv2%2Fmedia&parent=9034"}],"wp:term":[{"taxonomy":"product_cat","embeddable":true,"href":"https:\/\/sexshopzagues.com.mx\/tienda\/index.php?rest_route=%2Fwp%2Fv2%2Fproduct_cat&post=9034"},{"taxonomy":"product_tag","embeddable":true,"href":"https:\/\/sexshopzagues.com.mx\/tienda\/index.php?rest_route=%2Fwp%2Fv2%2Fproduct_tag&post=9034"}],"curies":[{"name":"wp","href":"https:\/\/api.w.org\/{rel}","templated":true}]}}