{"id":9009,"date":"2017-12-04T23:56:11","date_gmt":"2017-12-04T23:56:11","guid":{"rendered":"http:\/\/sexshopzagues.com.mx\/tienda\/?post_type=product&#038;p=9009"},"modified":"2023-02-25T07:14:11","modified_gmt":"2023-02-25T07:14:11","slug":"id-glide-8-5-onzas","status":"publish","type":"product","link":"https:\/\/sexshopzagues.com.mx\/tienda\/?product=id-glide-8-5-onzas","title":{"rendered":"ID Glide 8.5 onzas"},"content":{"rendered":"<p>Formulado con ingredientes de la m\u00e1s alta calidad, es un lubricante a base de agua dise\u00f1ado para aumentar el placer y la comodidad de los momentos m\u00e1s \u00edntimos.<\/p>\n<ul>\n<li>Base agua<\/li>\n<li>Compatible con l\u00e1tex<\/li>\n<li>Ingredientes de la m\u00e1s alta calidad<\/li>\n<li>Contenido: 8.5 fl oz\/ 251ml<\/li>\n<\/ul>\n","protected":false},"excerpt":{"rendered":"Lubricante natural, base agua 8.5 onzas","protected":false},"featured_media":9010,"comment_status":"open","ping_status":"closed","template":"","meta":[],"product_cat":[59],"product_tag":[100,146],"_links":{"self":[{"href":"https:\/\/sexshopzagues.com.mx\/tienda\/index.php?rest_route=\/wp\/v2\/product\/9009"}],"collection":[{"href":"https:\/\/sexshopzagues.com.mx\/tienda\/index.php?rest_route=\/wp\/v2\/product"}],"about":[{"href":"https:\/\/sexshopzagues.com.mx\/tienda\/index.php?rest_route=\/wp\/v2\/types\/product"}],"replies":[{"embeddable":true,"href":"https:\/\/sexshopzagues.com.mx\/tienda\/index.php?rest_route=%2Fwp%2Fv2%2Fcomments&post=9009"}],"wp:featuredmedia":[{"embeddable":true,"href":"https:\/\/sexshopzagues.com.mx\/tienda\/index.php?rest_route=\/wp\/v2\/media\/9010"}],"wp:attachment":[{"href":"https:\/\/sexshopzagues.com.mx\/tienda\/index.php?rest_route=%2Fwp%2Fv2%2Fmedia&parent=9009"}],"wp:term":[{"taxonomy":"product_cat","embeddable":true,"href":"https:\/\/sexshopzagues.com.mx\/tienda\/index.php?rest_route=%2Fwp%2Fv2%2Fproduct_cat&post=9009"},{"taxonomy":"product_tag","embeddable":true,"href":"https:\/\/sexshopzagues.com.mx\/tienda\/index.php?rest_route=%2Fwp%2Fv2%2Fproduct_tag&post=9009"}],"curies":[{"name":"wp","href":"https:\/\/api.w.org\/{rel}","templated":true}]}}