{"id":8994,"date":"2017-12-02T21:58:11","date_gmt":"2017-12-02T21:58:11","guid":{"rendered":"http:\/\/sexshopzagues.com.mx\/tienda\/?post_type=product&#038;p=8994"},"modified":"2023-02-25T07:16:22","modified_gmt":"2023-02-25T07:16:22","slug":"neon-luv-touch-waves-pink-2","status":"publish","type":"product","link":"https:\/\/sexshopzagues.com.mx\/tienda\/?product=neon-luv-touch-waves-pink-2","title":{"rendered":"Neon Luv Touch Waves &#8211; Pink"},"content":{"rendered":"<p>Obtenga el toque justo de satisfacci\u00f3n con este incre\u00edble vibrador de a linea Neon. Alineado con nuestro recubrimiento s\u00faper sedoso Luv Touch, este poderoso vibrador regulable est\u00e1 texturizado con l\u00edneas onduladas para una estimulaci\u00f3n adicional.<\/p>\n<ul>\n<li>Regulable<\/li>\n<li>Discreto<\/li>\n<li>A prueba de agua.<\/li>\n<li>Medidas: 14cm x 2.5cm<\/li>\n<\/ul>\n","protected":false},"excerpt":{"rendered":"Vibrador discreto, regulable.","protected":false},"featured_media":8995,"comment_status":"open","ping_status":"closed","template":"","meta":[],"product_cat":[57],"product_tag":[96,83,118,76],"_links":{"self":[{"href":"https:\/\/sexshopzagues.com.mx\/tienda\/index.php?rest_route=\/wp\/v2\/product\/8994"}],"collection":[{"href":"https:\/\/sexshopzagues.com.mx\/tienda\/index.php?rest_route=\/wp\/v2\/product"}],"about":[{"href":"https:\/\/sexshopzagues.com.mx\/tienda\/index.php?rest_route=\/wp\/v2\/types\/product"}],"replies":[{"embeddable":true,"href":"https:\/\/sexshopzagues.com.mx\/tienda\/index.php?rest_route=%2Fwp%2Fv2%2Fcomments&post=8994"}],"wp:featuredmedia":[{"embeddable":true,"href":"https:\/\/sexshopzagues.com.mx\/tienda\/index.php?rest_route=\/wp\/v2\/media\/8995"}],"wp:attachment":[{"href":"https:\/\/sexshopzagues.com.mx\/tienda\/index.php?rest_route=%2Fwp%2Fv2%2Fmedia&parent=8994"}],"wp:term":[{"taxonomy":"product_cat","embeddable":true,"href":"https:\/\/sexshopzagues.com.mx\/tienda\/index.php?rest_route=%2Fwp%2Fv2%2Fproduct_cat&post=8994"},{"taxonomy":"product_tag","embeddable":true,"href":"https:\/\/sexshopzagues.com.mx\/tienda\/index.php?rest_route=%2Fwp%2Fv2%2Fproduct_tag&post=8994"}],"curies":[{"name":"wp","href":"https:\/\/api.w.org\/{rel}","templated":true}]}}