{"id":8951,"date":"2017-11-29T17:57:23","date_gmt":"2017-11-29T17:57:23","guid":{"rendered":"http:\/\/sexshopzagues.com.mx\/tienda\/?post_type=product&#038;p=8951"},"modified":"2023-02-25T07:17:10","modified_gmt":"2023-02-25T07:17:10","slug":"fusion-original-bodyglide-silicone-lubricant-24ml","status":"publish","type":"product","link":"https:\/\/sexshopzagues.com.mx\/tienda\/?product=fusion-original-bodyglide-silicone-lubricant-24ml","title":{"rendered":"FUSION ORIGINAL BODYGLIDE SILICONE LUBRICANT 24ML"},"content":{"rendered":"<p>Lubricante formulado a base de silic\u00f3n. Puede ser utilizado bajo el agua, es de larga duraci\u00f3n para mayor placer. Favorece penetraci\u00f3n anal y vaginal. Compatible con el l\u00e1tex.<\/p>\n<p>Contenido: 24 ml.<\/p>\n","protected":false},"excerpt":{"rendered":"Lubricante base silic\u00f3n.","protected":false},"featured_media":8952,"comment_status":"open","ping_status":"closed","template":"","meta":[],"product_cat":[59],"product_tag":[115,112],"_links":{"self":[{"href":"https:\/\/sexshopzagues.com.mx\/tienda\/index.php?rest_route=\/wp\/v2\/product\/8951"}],"collection":[{"href":"https:\/\/sexshopzagues.com.mx\/tienda\/index.php?rest_route=\/wp\/v2\/product"}],"about":[{"href":"https:\/\/sexshopzagues.com.mx\/tienda\/index.php?rest_route=\/wp\/v2\/types\/product"}],"replies":[{"embeddable":true,"href":"https:\/\/sexshopzagues.com.mx\/tienda\/index.php?rest_route=%2Fwp%2Fv2%2Fcomments&post=8951"}],"wp:featuredmedia":[{"embeddable":true,"href":"https:\/\/sexshopzagues.com.mx\/tienda\/index.php?rest_route=\/wp\/v2\/media\/8952"}],"wp:attachment":[{"href":"https:\/\/sexshopzagues.com.mx\/tienda\/index.php?rest_route=%2Fwp%2Fv2%2Fmedia&parent=8951"}],"wp:term":[{"taxonomy":"product_cat","embeddable":true,"href":"https:\/\/sexshopzagues.com.mx\/tienda\/index.php?rest_route=%2Fwp%2Fv2%2Fproduct_cat&post=8951"},{"taxonomy":"product_tag","embeddable":true,"href":"https:\/\/sexshopzagues.com.mx\/tienda\/index.php?rest_route=%2Fwp%2Fv2%2Fproduct_tag&post=8951"}],"curies":[{"name":"wp","href":"https:\/\/api.w.org\/{rel}","templated":true}]}}