{"id":8901,"date":"2017-11-25T20:43:37","date_gmt":"2017-11-25T20:43:37","guid":{"rendered":"http:\/\/sexshopzagues.com.mx\/tienda\/?post_type=product&#038;p=8901"},"modified":"2023-02-25T07:17:38","modified_gmt":"2023-02-25T07:17:38","slug":"fetish-fantasy-series-tru-fit-strap-on-black","status":"publish","type":"product","link":"https:\/\/sexshopzagues.com.mx\/tienda\/?product=fetish-fantasy-series-tru-fit-strap-on-black","title":{"rendered":"Fetish Fantasy Series Tru-Fit Strap-On Black"},"content":{"rendered":"<p>Alcanza el punto correcto en cada momento con este arn\u00e9s! Este sexy arn\u00e9s es la manera perfecta para tomar el control en el dormitorio y satisfacer a tu amante. El arn\u00e9s de nylon ajustable se adapta f\u00e1cilmente a la mayor\u00eda de los tama\u00f1os, mientras que el dildo c\u00f3modamente permanece en su lugar cuando la acci\u00f3n se calienta. A tu pareja le encanta su grosor y la sensaci\u00f3n real\u00edstica&#8230; y a ti te van a encantar los resultados. Disfruta de tus experiencias sexuales con mucho placer volviendo a lo b\u00e1sico!<\/p>\n<p>Medidas: 17 cm. x 4,5 cm.<\/p>\n","protected":false},"excerpt":{"rendered":"Arn\u00e9s reforzado, incluye vibrador con ventosa.","protected":false},"featured_media":8902,"comment_status":"open","ping_status":"closed","template":"","meta":[],"product_cat":[63,58],"product_tag":[96,194,76,85],"_links":{"self":[{"href":"https:\/\/sexshopzagues.com.mx\/tienda\/index.php?rest_route=\/wp\/v2\/product\/8901"}],"collection":[{"href":"https:\/\/sexshopzagues.com.mx\/tienda\/index.php?rest_route=\/wp\/v2\/product"}],"about":[{"href":"https:\/\/sexshopzagues.com.mx\/tienda\/index.php?rest_route=\/wp\/v2\/types\/product"}],"replies":[{"embeddable":true,"href":"https:\/\/sexshopzagues.com.mx\/tienda\/index.php?rest_route=%2Fwp%2Fv2%2Fcomments&post=8901"}],"wp:featuredmedia":[{"embeddable":true,"href":"https:\/\/sexshopzagues.com.mx\/tienda\/index.php?rest_route=\/wp\/v2\/media\/8902"}],"wp:attachment":[{"href":"https:\/\/sexshopzagues.com.mx\/tienda\/index.php?rest_route=%2Fwp%2Fv2%2Fmedia&parent=8901"}],"wp:term":[{"taxonomy":"product_cat","embeddable":true,"href":"https:\/\/sexshopzagues.com.mx\/tienda\/index.php?rest_route=%2Fwp%2Fv2%2Fproduct_cat&post=8901"},{"taxonomy":"product_tag","embeddable":true,"href":"https:\/\/sexshopzagues.com.mx\/tienda\/index.php?rest_route=%2Fwp%2Fv2%2Fproduct_tag&post=8901"}],"curies":[{"name":"wp","href":"https:\/\/api.w.org\/{rel}","templated":true}]}}