{"id":8853,"date":"2017-11-22T00:10:57","date_gmt":"2017-11-22T00:10:57","guid":{"rendered":"http:\/\/sexshopzagues.com.mx\/tienda\/?post_type=product&#038;p=8853"},"modified":"2023-02-25T07:20:48","modified_gmt":"2023-02-25T07:20:48","slug":"id-backslide-2-2-onzas","status":"publish","type":"product","link":"https:\/\/sexshopzagues.com.mx\/tienda\/?product=id-backslide-2-2-onzas","title":{"rendered":"ID BackSlide 2.2 onzas"},"content":{"rendered":"<p>BackSlide es una de las f\u00f3rmulas mas creativas de ID, ya que fue hecha con un uso especifico en mente. Su f\u00f3rmula hace de cada experiencia anal mas confortable y placentera. Su formula especial a base de silicona incluye extracto de clavo lo que le proporciona un efecto relajante muscular natural.<\/p>\n<p>El sexo anal es una pr\u00e1cticas cada vez m\u00e1s aceptada tanto en el g\u00e9nero masculino como en el femenino. ID Backslide F\u00f3rmula Anal est\u00e1 dise\u00f1ado especialmente para ser utilizado con juguetes sexuales, con el l\u00e1tex e incluso para el sexo vaginal. Su textura de gran espesor, significa que puede ser utilizado por m\u00e1s tiempo y conseguir una penetraci\u00f3n anal m\u00e1s placentera.<\/p>\n<p>Contenido: 2.2 onzas<\/p>\n","protected":false},"excerpt":{"rendered":"Lubricante anal base silic\u00f3n,","protected":false},"featured_media":8854,"comment_status":"open","ping_status":"closed","template":"","meta":[],"product_cat":[59],"product_tag":[146],"_links":{"self":[{"href":"https:\/\/sexshopzagues.com.mx\/tienda\/index.php?rest_route=\/wp\/v2\/product\/8853"}],"collection":[{"href":"https:\/\/sexshopzagues.com.mx\/tienda\/index.php?rest_route=\/wp\/v2\/product"}],"about":[{"href":"https:\/\/sexshopzagues.com.mx\/tienda\/index.php?rest_route=\/wp\/v2\/types\/product"}],"replies":[{"embeddable":true,"href":"https:\/\/sexshopzagues.com.mx\/tienda\/index.php?rest_route=%2Fwp%2Fv2%2Fcomments&post=8853"}],"wp:featuredmedia":[{"embeddable":true,"href":"https:\/\/sexshopzagues.com.mx\/tienda\/index.php?rest_route=\/wp\/v2\/media\/8854"}],"wp:attachment":[{"href":"https:\/\/sexshopzagues.com.mx\/tienda\/index.php?rest_route=%2Fwp%2Fv2%2Fmedia&parent=8853"}],"wp:term":[{"taxonomy":"product_cat","embeddable":true,"href":"https:\/\/sexshopzagues.com.mx\/tienda\/index.php?rest_route=%2Fwp%2Fv2%2Fproduct_cat&post=8853"},{"taxonomy":"product_tag","embeddable":true,"href":"https:\/\/sexshopzagues.com.mx\/tienda\/index.php?rest_route=%2Fwp%2Fv2%2Fproduct_tag&post=8853"}],"curies":[{"name":"wp","href":"https:\/\/api.w.org\/{rel}","templated":true}]}}