{"id":8809,"date":"2017-11-18T00:06:33","date_gmt":"2017-11-18T00:06:33","guid":{"rendered":"http:\/\/sexshopzagues.com.mx\/tienda\/?post_type=product&#038;p=8809"},"modified":"2023-02-25T07:21:09","modified_gmt":"2023-02-25T07:21:09","slug":"crush-cutie-pie","status":"publish","type":"product","link":"https:\/\/sexshopzagues.com.mx\/tienda\/?product=crush-cutie-pie","title":{"rendered":"Crush Cutie Pie"},"content":{"rendered":"<div style=\"width: 640px;\" class=\"wp-video\"><!--[if lt IE 9]><script>document.createElement('video');<\/script><![endif]-->\n<video class=\"wp-video-shortcode\" id=\"video-8809-1\" width=\"640\" height=\"360\" preload=\"metadata\" controls=\"controls\"><source type=\"video\/mp4\" src=\"http:\/\/sexshopzagues.com.mx\/tienda\/wp-content\/uploads\/2017\/11\/Pipedream-presents-Crush.mp4?_=1\" \/><a href=\"http:\/\/sexshopzagues.com.mx\/tienda\/wp-content\/uploads\/2017\/11\/Pipedream-presents-Crush.mp4\">http:\/\/sexshopzagues.com.mx\/tienda\/wp-content\/uploads\/2017\/11\/Pipedream-presents-Crush.mp4<\/a><\/video><\/div>\n<p>Cutie Pie ofrece una estimulaci\u00f3n muy placentera mediante la combinaci\u00f3n de vibraciones intensas con un dise\u00f1o discreto, apto para viajes o cualquier lugar que necesites estimulaci\u00f3n de la forma m\u00e1s discreta y silenciosa, en edici\u00f3n de Lujo.<\/p>\n<ul>\n<li>Suave y extra confortable<\/li>\n<li>Peque\u00f1o y discreto.<\/li>\n<li>10 Patrones dse vibraci\u00f3n ultra potente<\/li>\n<li>Forma flexible para el placer con comfort!<\/li>\n<li>100% Silicona ( Elite ) \u00a0+ Mando en Abs<\/li>\n<li>Sumergible \/ Apto para la ducha o Spa<\/li>\n<li>Multivelocidad<\/li>\n<li>Libre de phaltatos.<\/li>\n<\/ul>\n<p>Medidas Insertables: 5.5 cm x 2\u00a0cm.<\/p>\n<p>Funciona con 3 Pilas LR44 ( Incluidas )<\/p>\n","protected":false},"excerpt":{"rendered":"Mini vibrador de 10 frecuencias.","protected":false},"featured_media":8810,"comment_status":"open","ping_status":"closed","template":"","meta":[],"product_cat":[57],"product_tag":[96,94,83,91,92,76],"_links":{"self":[{"href":"https:\/\/sexshopzagues.com.mx\/tienda\/index.php?rest_route=\/wp\/v2\/product\/8809"}],"collection":[{"href":"https:\/\/sexshopzagues.com.mx\/tienda\/index.php?rest_route=\/wp\/v2\/product"}],"about":[{"href":"https:\/\/sexshopzagues.com.mx\/tienda\/index.php?rest_route=\/wp\/v2\/types\/product"}],"replies":[{"embeddable":true,"href":"https:\/\/sexshopzagues.com.mx\/tienda\/index.php?rest_route=%2Fwp%2Fv2%2Fcomments&post=8809"}],"wp:featuredmedia":[{"embeddable":true,"href":"https:\/\/sexshopzagues.com.mx\/tienda\/index.php?rest_route=\/wp\/v2\/media\/8810"}],"wp:attachment":[{"href":"https:\/\/sexshopzagues.com.mx\/tienda\/index.php?rest_route=%2Fwp%2Fv2%2Fmedia&parent=8809"}],"wp:term":[{"taxonomy":"product_cat","embeddable":true,"href":"https:\/\/sexshopzagues.com.mx\/tienda\/index.php?rest_route=%2Fwp%2Fv2%2Fproduct_cat&post=8809"},{"taxonomy":"product_tag","embeddable":true,"href":"https:\/\/sexshopzagues.com.mx\/tienda\/index.php?rest_route=%2Fwp%2Fv2%2Fproduct_tag&post=8809"}],"curies":[{"name":"wp","href":"https:\/\/api.w.org\/{rel}","templated":true}]}}