{"id":8783,"date":"2017-11-15T22:39:45","date_gmt":"2017-11-15T22:39:45","guid":{"rendered":"http:\/\/sexshopzagues.com.mx\/tienda\/?post_type=product&#038;p=8783"},"modified":"2023-02-25T07:21:31","modified_gmt":"2023-02-25T07:21:31","slug":"au-naturel-tomas-latin","status":"publish","type":"product","link":"https:\/\/sexshopzagues.com.mx\/tienda\/?product=au-naturel-tomas-latin","title":{"rendered":"Au Naturel &#8211; Tomas &#8211; Latin"},"content":{"rendered":"<p>La linea AU Naturel, trae para ti uno de los materiales m\u00e1s real\u00edsticos, con la tecnolog\u00eda de densidad dual Sensa Feel de Blush. Tomas es perfectamente suave al tacto, mientras que su n\u00facleo interno es m\u00e1s firme para mantener la rigidez, como si se tratara de un pene duro y erecto. Tomas es lo que siempre quisiste.<\/p>\n<ul>\n<li>Vibraci\u00f3n regulable<\/li>\n<li>Requiere de \u00a02 pilas \u201cAA\u201d \u00a0 (No Incluidas)<\/li>\n<li>Libre de l\u00e1tex y ftalatos<\/li>\n<li>A prueba de agua<\/li>\n<li>Medidas:<br \/>\nLongitud total: 22.86 cm<\/li>\n<\/ul>\n<p>Longitud Insertable: 19.05 cm<\/p>\n<p>Di\u00e1metro m\u00e1ximo: 4.6 cm<\/p>\n","protected":false},"excerpt":{"rendered":"Vibrador de material real\u00edsta.","protected":false},"featured_media":8784,"comment_status":"open","ping_status":"closed","template":"","meta":[],"product_cat":[57],"product_tag":[96,80,118,82],"_links":{"self":[{"href":"https:\/\/sexshopzagues.com.mx\/tienda\/index.php?rest_route=\/wp\/v2\/product\/8783"}],"collection":[{"href":"https:\/\/sexshopzagues.com.mx\/tienda\/index.php?rest_route=\/wp\/v2\/product"}],"about":[{"href":"https:\/\/sexshopzagues.com.mx\/tienda\/index.php?rest_route=\/wp\/v2\/types\/product"}],"replies":[{"embeddable":true,"href":"https:\/\/sexshopzagues.com.mx\/tienda\/index.php?rest_route=%2Fwp%2Fv2%2Fcomments&post=8783"}],"wp:featuredmedia":[{"embeddable":true,"href":"https:\/\/sexshopzagues.com.mx\/tienda\/index.php?rest_route=\/wp\/v2\/media\/8784"}],"wp:attachment":[{"href":"https:\/\/sexshopzagues.com.mx\/tienda\/index.php?rest_route=%2Fwp%2Fv2%2Fmedia&parent=8783"}],"wp:term":[{"taxonomy":"product_cat","embeddable":true,"href":"https:\/\/sexshopzagues.com.mx\/tienda\/index.php?rest_route=%2Fwp%2Fv2%2Fproduct_cat&post=8783"},{"taxonomy":"product_tag","embeddable":true,"href":"https:\/\/sexshopzagues.com.mx\/tienda\/index.php?rest_route=%2Fwp%2Fv2%2Fproduct_tag&post=8783"}],"curies":[{"name":"wp","href":"https:\/\/api.w.org\/{rel}","templated":true}]}}