{"id":8753,"date":"2017-11-13T23:51:33","date_gmt":"2017-11-13T23:51:33","guid":{"rendered":"http:\/\/sexshopzagues.com.mx\/tienda\/?post_type=product&#038;p=8753"},"modified":"2021-09-04T03:05:29","modified_gmt":"2021-09-04T03:05:29","slug":"vibration-clitifier-clear","status":"publish","type":"product","link":"https:\/\/sexshopzagues.com.mx\/tienda\/?product=vibration-clitifier-clear","title":{"rendered":"Vibration Clitifier-Clear"},"content":{"rendered":"<p>Anillo con vibraci\u00f3n para pene, con doble liga, mejora erecci\u00f3n y prolonga el placer. Cuenta con una potente bala vibradora con 7 frecuencias de vibraci\u00f3n, pulsaci\u00f3n y escalas. Su material es el\u00e1stico y ajustable.<\/p>\n<ul>\n<li>Material el\u00e1stico<\/li>\n<li>Vibraci\u00f3n de 7 frecuencias<\/li>\n<li>A prueba de agua.<\/li>\n<\/ul>\n","protected":false},"excerpt":{"rendered":"Anillo con vibraci\u00f3n.","protected":false},"featured_media":8754,"comment_status":"open","ping_status":"closed","template":"","meta":[],"product_cat":[62],"product_tag":[96,77,91],"_links":{"self":[{"href":"https:\/\/sexshopzagues.com.mx\/tienda\/index.php?rest_route=\/wp\/v2\/product\/8753"}],"collection":[{"href":"https:\/\/sexshopzagues.com.mx\/tienda\/index.php?rest_route=\/wp\/v2\/product"}],"about":[{"href":"https:\/\/sexshopzagues.com.mx\/tienda\/index.php?rest_route=\/wp\/v2\/types\/product"}],"replies":[{"embeddable":true,"href":"https:\/\/sexshopzagues.com.mx\/tienda\/index.php?rest_route=%2Fwp%2Fv2%2Fcomments&post=8753"}],"wp:featuredmedia":[{"embeddable":true,"href":"https:\/\/sexshopzagues.com.mx\/tienda\/index.php?rest_route=\/wp\/v2\/media\/8754"}],"wp:attachment":[{"href":"https:\/\/sexshopzagues.com.mx\/tienda\/index.php?rest_route=%2Fwp%2Fv2%2Fmedia&parent=8753"}],"wp:term":[{"taxonomy":"product_cat","embeddable":true,"href":"https:\/\/sexshopzagues.com.mx\/tienda\/index.php?rest_route=%2Fwp%2Fv2%2Fproduct_cat&post=8753"},{"taxonomy":"product_tag","embeddable":true,"href":"https:\/\/sexshopzagues.com.mx\/tienda\/index.php?rest_route=%2Fwp%2Fv2%2Fproduct_tag&post=8753"}],"curies":[{"name":"wp","href":"https:\/\/api.w.org\/{rel}","templated":true}]}}