{"id":8576,"date":"2017-11-07T20:41:06","date_gmt":"2017-11-07T20:41:06","guid":{"rendered":"http:\/\/sexshopzagues.com.mx\/tienda\/?post_type=product&#038;p=8576"},"modified":"2023-02-25T07:23:15","modified_gmt":"2023-02-25T07:23:15","slug":"anal-fantasy-collection-mini-silicone-plug","status":"publish","type":"product","link":"https:\/\/sexshopzagues.com.mx\/tienda\/?product=anal-fantasy-collection-mini-silicone-plug","title":{"rendered":"Anal Fantasy Collection Mini Silicone Plug"},"content":{"rendered":"<div style=\"width: 640px;\" class=\"wp-video\"><!--[if lt IE 9]><script>document.createElement('video');<\/script><![endif]-->\n<video class=\"wp-video-shortcode\" id=\"video-8576-1\" width=\"640\" height=\"360\" preload=\"metadata\" controls=\"controls\"><source type=\"video\/mp4\" src=\"http:\/\/sexshopzagues.com.mx\/tienda\/wp-content\/uploads\/2017\/11\/PD4601-23-Mini-Silicone-Plug.mp4?_=1\" \/><a href=\"http:\/\/sexshopzagues.com.mx\/tienda\/wp-content\/uploads\/2017\/11\/PD4601-23-Mini-Silicone-Plug.mp4\">http:\/\/sexshopzagues.com.mx\/tienda\/wp-content\/uploads\/2017\/11\/PD4601-23-Mini-Silicone-Plug.mp4<\/a><\/video><\/div>\n<p>\u00bfInicias? Si lo que buscas es un material de la m\u00e1s alta calidad en un mini plug anal, este es el indicado. Su punta c\u00f3nica facilita la penetraci\u00f3n y la forma oval da mayor estimulaci\u00f3n. Dise\u00f1o ergon\u00f3mico en material premium hipoalerg\u00e9nico.<\/p>\n<p>Contiene un kit de 5 piezas que consta de un lubricante anal, crema, 2 dedales y limpiador.<\/p>\n<p>Medidas: 7.5cm x 2.5cm.<\/p>\n","protected":false},"excerpt":{"rendered":"Mini plug anal.","protected":false},"featured_media":8577,"comment_status":"open","ping_status":"closed","template":"","meta":[],"product_cat":[168,56],"product_tag":[92,76],"_links":{"self":[{"href":"https:\/\/sexshopzagues.com.mx\/tienda\/index.php?rest_route=\/wp\/v2\/product\/8576"}],"collection":[{"href":"https:\/\/sexshopzagues.com.mx\/tienda\/index.php?rest_route=\/wp\/v2\/product"}],"about":[{"href":"https:\/\/sexshopzagues.com.mx\/tienda\/index.php?rest_route=\/wp\/v2\/types\/product"}],"replies":[{"embeddable":true,"href":"https:\/\/sexshopzagues.com.mx\/tienda\/index.php?rest_route=%2Fwp%2Fv2%2Fcomments&post=8576"}],"wp:featuredmedia":[{"embeddable":true,"href":"https:\/\/sexshopzagues.com.mx\/tienda\/index.php?rest_route=\/wp\/v2\/media\/8577"}],"wp:attachment":[{"href":"https:\/\/sexshopzagues.com.mx\/tienda\/index.php?rest_route=%2Fwp%2Fv2%2Fmedia&parent=8576"}],"wp:term":[{"taxonomy":"product_cat","embeddable":true,"href":"https:\/\/sexshopzagues.com.mx\/tienda\/index.php?rest_route=%2Fwp%2Fv2%2Fproduct_cat&post=8576"},{"taxonomy":"product_tag","embeddable":true,"href":"https:\/\/sexshopzagues.com.mx\/tienda\/index.php?rest_route=%2Fwp%2Fv2%2Fproduct_tag&post=8576"}],"curies":[{"name":"wp","href":"https:\/\/api.w.org\/{rel}","templated":true}]}}