{"id":8572,"date":"2017-11-07T20:37:06","date_gmt":"2017-11-07T20:37:06","guid":{"rendered":"http:\/\/sexshopzagues.com.mx\/tienda\/?post_type=product&#038;p=8572"},"modified":"2021-09-04T03:13:47","modified_gmt":"2021-09-04T03:13:47","slug":"anal-fantasy-collection-mini-anal-teazer","status":"publish","type":"product","link":"https:\/\/sexshopzagues.com.mx\/tienda\/?product=anal-fantasy-collection-mini-anal-teazer","title":{"rendered":"Anal Fantasy Collection Mini Anal Teazer"},"content":{"rendered":"<div style=\"width: 640px;\" class=\"wp-video\"><!--[if lt IE 9]><script>document.createElement('video');<\/script><![endif]-->\n<video class=\"wp-video-shortcode\" id=\"video-8572-1\" width=\"640\" height=\"360\" preload=\"metadata\" controls=\"controls\"><source type=\"video\/mp4\" src=\"http:\/\/sexshopzagues.com.mx\/tienda\/wp-content\/uploads\/2017\/11\/PD4610-23-Mini-Anal-Teazer.mp4?_=1\" \/><a href=\"http:\/\/sexshopzagues.com.mx\/tienda\/wp-content\/uploads\/2017\/11\/PD4610-23-Mini-Anal-Teazer.mp4\">http:\/\/sexshopzagues.com.mx\/tienda\/wp-content\/uploads\/2017\/11\/PD4610-23-Mini-Anal-Teazer.mp4<\/a><\/video><\/div>\n<p>Mini plug anal suave y flexible. Su forma permite ir dilatando poco a poco el ano para evitar dolor, es el tama\u00f1o ideal para iniciar o bien si se desea un juguete peque\u00f1o y discreto, con vibraci\u00f3n regulable.<\/p>\n<p>Contiene adem\u00e1s un set de lubricante anal, crema anal, dedales y jab\u00f3n antibacterial.<\/p>\n<p>Material 100% silic\u00f3n.<\/p>\n<p>A prueba de agua.<\/p>\n<p>Medidas: 9cm y 3.25cm. de base.<\/p>\n","protected":false},"excerpt":{"rendered":"Plug anal con vibraci\u00f3n.","protected":false},"featured_media":8573,"comment_status":"open","ping_status":"closed","template":"","meta":[],"product_cat":[56],"product_tag":[96,76],"_links":{"self":[{"href":"https:\/\/sexshopzagues.com.mx\/tienda\/index.php?rest_route=\/wp\/v2\/product\/8572"}],"collection":[{"href":"https:\/\/sexshopzagues.com.mx\/tienda\/index.php?rest_route=\/wp\/v2\/product"}],"about":[{"href":"https:\/\/sexshopzagues.com.mx\/tienda\/index.php?rest_route=\/wp\/v2\/types\/product"}],"replies":[{"embeddable":true,"href":"https:\/\/sexshopzagues.com.mx\/tienda\/index.php?rest_route=%2Fwp%2Fv2%2Fcomments&post=8572"}],"wp:featuredmedia":[{"embeddable":true,"href":"https:\/\/sexshopzagues.com.mx\/tienda\/index.php?rest_route=\/wp\/v2\/media\/8573"}],"wp:attachment":[{"href":"https:\/\/sexshopzagues.com.mx\/tienda\/index.php?rest_route=%2Fwp%2Fv2%2Fmedia&parent=8572"}],"wp:term":[{"taxonomy":"product_cat","embeddable":true,"href":"https:\/\/sexshopzagues.com.mx\/tienda\/index.php?rest_route=%2Fwp%2Fv2%2Fproduct_cat&post=8572"},{"taxonomy":"product_tag","embeddable":true,"href":"https:\/\/sexshopzagues.com.mx\/tienda\/index.php?rest_route=%2Fwp%2Fv2%2Fproduct_tag&post=8572"}],"curies":[{"name":"wp","href":"https:\/\/api.w.org\/{rel}","templated":true}]}}