{"id":8447,"date":"2017-10-19T22:39:27","date_gmt":"2017-10-19T22:39:27","guid":{"rendered":"http:\/\/sexshopzagues.com.mx\/tienda\/?post_type=product&#038;p=8447"},"modified":"2023-02-25T07:25:40","modified_gmt":"2023-02-25T07:25:40","slug":"fetish-fantasy-series-curved-doucheenema","status":"publish","type":"product","link":"https:\/\/sexshopzagues.com.mx\/tienda\/?product=fetish-fantasy-series-curved-doucheenema","title":{"rendered":"Fetish Fantasy Series Curved Douche\/Enema"},"content":{"rendered":"<p>Dise\u00f1ado para ser placentero y pr\u00e1ctico a la vez,\u00a0limpiar nunca ha sido tan divertido como con el sistema Curved Douche \/ Enema!<\/p>\n<p>Esta bombilla de limpieza a base de silicona es c\u00f3moda, f\u00e1cil de usar y segura para los principiantes.\u00a0El bulbo de presi\u00f3n es suave y flexible, lo que hace que sea m\u00e1s f\u00e1cil atornillar el aplicador sobre su parte superior. El aplicador curvo est\u00e1 dise\u00f1ado para estimular esos puntos dif\u00edciles de alcanzar, lo que permite una estimulaci\u00f3n incre\u00edble y una diversi\u00f3n limpia para el juego vaginal o anal.<\/p>\n","protected":false},"excerpt":{"rendered":"Ducha anal\/enema.","protected":false},"featured_media":8448,"comment_status":"open","ping_status":"closed","template":"","meta":[],"product_cat":[56],"product_tag":[76],"_links":{"self":[{"href":"https:\/\/sexshopzagues.com.mx\/tienda\/index.php?rest_route=\/wp\/v2\/product\/8447"}],"collection":[{"href":"https:\/\/sexshopzagues.com.mx\/tienda\/index.php?rest_route=\/wp\/v2\/product"}],"about":[{"href":"https:\/\/sexshopzagues.com.mx\/tienda\/index.php?rest_route=\/wp\/v2\/types\/product"}],"replies":[{"embeddable":true,"href":"https:\/\/sexshopzagues.com.mx\/tienda\/index.php?rest_route=%2Fwp%2Fv2%2Fcomments&post=8447"}],"wp:featuredmedia":[{"embeddable":true,"href":"https:\/\/sexshopzagues.com.mx\/tienda\/index.php?rest_route=\/wp\/v2\/media\/8448"}],"wp:attachment":[{"href":"https:\/\/sexshopzagues.com.mx\/tienda\/index.php?rest_route=%2Fwp%2Fv2%2Fmedia&parent=8447"}],"wp:term":[{"taxonomy":"product_cat","embeddable":true,"href":"https:\/\/sexshopzagues.com.mx\/tienda\/index.php?rest_route=%2Fwp%2Fv2%2Fproduct_cat&post=8447"},{"taxonomy":"product_tag","embeddable":true,"href":"https:\/\/sexshopzagues.com.mx\/tienda\/index.php?rest_route=%2Fwp%2Fv2%2Fproduct_tag&post=8447"}],"curies":[{"name":"wp","href":"https:\/\/api.w.org\/{rel}","templated":true}]}}