{"id":8414,"date":"2017-10-17T22:34:20","date_gmt":"2017-10-17T22:34:20","guid":{"rendered":"http:\/\/sexshopzagues.com.mx\/tienda\/?post_type=product&#038;p=8414"},"modified":"2023-02-25T07:26:22","modified_gmt":"2023-02-25T07:26:22","slug":"cheap-thrills-the-cheerleader","status":"publish","type":"product","link":"https:\/\/sexshopzagues.com.mx\/tienda\/?product=cheap-thrills-the-cheerleader","title":{"rendered":"Cheap Thrills&#x2122; The Cheerleader"},"content":{"rendered":"<p>Masturbador en forma de ano con canales texturizados que te har\u00e1n disfrutar a\u00fan mas, anat\u00f3micamente correcto, cerrado al final para una mayor succi\u00f3n. Material real\u00edstico PureSkin. muy similar a la piel, t\u00e9rmico, higi\u00e9nico, el\u00e1stico y resistente.<\/p>\n<p>Justo lo que estabas buscando!<\/p>\n<p>Medidas: 12.75cm 6.25cm<\/p>\n<p>&nbsp;<\/p>\n","protected":false},"excerpt":{"rendered":"Masturbador en forma de ano.","protected":false},"featured_media":8415,"comment_status":"open","ping_status":"closed","template":"","meta":[],"product_cat":[159,66],"product_tag":[75,82],"_links":{"self":[{"href":"https:\/\/sexshopzagues.com.mx\/tienda\/index.php?rest_route=\/wp\/v2\/product\/8414"}],"collection":[{"href":"https:\/\/sexshopzagues.com.mx\/tienda\/index.php?rest_route=\/wp\/v2\/product"}],"about":[{"href":"https:\/\/sexshopzagues.com.mx\/tienda\/index.php?rest_route=\/wp\/v2\/types\/product"}],"replies":[{"embeddable":true,"href":"https:\/\/sexshopzagues.com.mx\/tienda\/index.php?rest_route=%2Fwp%2Fv2%2Fcomments&post=8414"}],"wp:featuredmedia":[{"embeddable":true,"href":"https:\/\/sexshopzagues.com.mx\/tienda\/index.php?rest_route=\/wp\/v2\/media\/8415"}],"wp:attachment":[{"href":"https:\/\/sexshopzagues.com.mx\/tienda\/index.php?rest_route=%2Fwp%2Fv2%2Fmedia&parent=8414"}],"wp:term":[{"taxonomy":"product_cat","embeddable":true,"href":"https:\/\/sexshopzagues.com.mx\/tienda\/index.php?rest_route=%2Fwp%2Fv2%2Fproduct_cat&post=8414"},{"taxonomy":"product_tag","embeddable":true,"href":"https:\/\/sexshopzagues.com.mx\/tienda\/index.php?rest_route=%2Fwp%2Fv2%2Fproduct_tag&post=8414"}],"curies":[{"name":"wp","href":"https:\/\/api.w.org\/{rel}","templated":true}]}}