{"id":835,"date":"2016-09-01T00:27:07","date_gmt":"2016-09-01T00:27:07","guid":{"rendered":"http:\/\/sexshopzagues.com.mx\/tienda\/?post_type=product&#038;p=835"},"modified":"2021-09-07T22:44:54","modified_gmt":"2021-09-07T22:44:54","slug":"king-cock-7-cock-black","status":"publish","type":"product","link":"https:\/\/sexshopzagues.com.mx\/tienda\/?product=king-cock-7-cock-black","title":{"rendered":"King Cock 7&#8243; Cock Black"},"content":{"rendered":"<p>Cuidadosamente hechos a mano, especial atenci\u00f3n a cada detalle, brind\u00e1ndote as\u00ed la experiencia m\u00e1s real posible. Materiales de la m\u00e1s alta calidad, libres de l\u00e1tex y ftalatos lo que hace a este producto hipoalerg\u00e9nico. Este dildo con detalle de venas, glande bien formado y todos los detalles posibles, cuenta con una poderosa ventosa que se adhiere a cualquier superficie lisa, es compatible con arn\u00e9s. Medidas: 17.8 cm x 4.1 cm.<\/p>\n","protected":false},"excerpt":{"rendered":"Dildo real\u00edstico, compatible con arn\u00e9s, hipoalerg\u00e9nico","protected":false},"featured_media":836,"comment_status":"open","ping_status":"closed","template":"","meta":[],"product_cat":[58],"product_tag":[84,92,82,76,85],"_links":{"self":[{"href":"https:\/\/sexshopzagues.com.mx\/tienda\/index.php?rest_route=\/wp\/v2\/product\/835"}],"collection":[{"href":"https:\/\/sexshopzagues.com.mx\/tienda\/index.php?rest_route=\/wp\/v2\/product"}],"about":[{"href":"https:\/\/sexshopzagues.com.mx\/tienda\/index.php?rest_route=\/wp\/v2\/types\/product"}],"replies":[{"embeddable":true,"href":"https:\/\/sexshopzagues.com.mx\/tienda\/index.php?rest_route=%2Fwp%2Fv2%2Fcomments&post=835"}],"wp:featuredmedia":[{"embeddable":true,"href":"https:\/\/sexshopzagues.com.mx\/tienda\/index.php?rest_route=\/wp\/v2\/media\/836"}],"wp:attachment":[{"href":"https:\/\/sexshopzagues.com.mx\/tienda\/index.php?rest_route=%2Fwp%2Fv2%2Fmedia&parent=835"}],"wp:term":[{"taxonomy":"product_cat","embeddable":true,"href":"https:\/\/sexshopzagues.com.mx\/tienda\/index.php?rest_route=%2Fwp%2Fv2%2Fproduct_cat&post=835"},{"taxonomy":"product_tag","embeddable":true,"href":"https:\/\/sexshopzagues.com.mx\/tienda\/index.php?rest_route=%2Fwp%2Fv2%2Fproduct_tag&post=835"}],"curies":[{"name":"wp","href":"https:\/\/api.w.org\/{rel}","templated":true}]}}