{"id":8336,"date":"2017-10-13T22:49:06","date_gmt":"2017-10-13T22:49:06","guid":{"rendered":"http:\/\/sexshopzagues.com.mx\/tienda\/?post_type=product&#038;p=8336"},"modified":"2023-02-25T07:28:47","modified_gmt":"2023-02-25T07:28:47","slug":"fantasy-x-tensions-perfect-3-extension-flesh","status":"publish","type":"product","link":"https:\/\/sexshopzagues.com.mx\/tienda\/?product=fantasy-x-tensions-perfect-3-extension-flesh","title":{"rendered":"Fantasy X-tensions Perfect 3&#8243; Extension &#8211; Flesh"},"content":{"rendered":"<p>Intensifica el placer con esta funda que simula el pene m\u00e1s largo gracias a su extensi\u00f3n de\u00a03 pulgadas y 33% m\u00e1s grueso. Material s\u00faper realista y el\u00e1stico.<\/p>\n<p>Incluye lubricante y jab\u00f3n antibacterial.<\/p>\n","protected":false},"excerpt":{"rendered":"<div style=\"width: 640px;\" class=\"wp-video\"><!--[if lt IE 9]><script>document.createElement('video');<\/script><![endif]-->\n<video class=\"wp-video-shortcode\" id=\"video-8336-1\" width=\"640\" height=\"360\" preload=\"metadata\" controls=\"controls\"><source type=\"video\/mp4\" src=\"http:\/\/sexshopzagues.com.mx\/tienda\/wp-content\/uploads\/2017\/10\/PD4112-21-Fantasy-X-tensions-Perfect-3inch-Extension.mp4?_=1\" \/><a href=\"http:\/\/sexshopzagues.com.mx\/tienda\/wp-content\/uploads\/2017\/10\/PD4112-21-Fantasy-X-tensions-Perfect-3inch-Extension.mp4\">http:\/\/sexshopzagues.com.mx\/tienda\/wp-content\/uploads\/2017\/10\/PD4112-21-Fantasy-X-tensions-Perfect-3inch-Extension.mp4<\/a><\/video><\/div>\r\n\r\nFunda con extensi\u00f3n de 3 pulgadas.","protected":false},"featured_media":8337,"comment_status":"open","ping_status":"closed","template":"","meta":[],"product_cat":[159,69],"product_tag":[76],"_links":{"self":[{"href":"https:\/\/sexshopzagues.com.mx\/tienda\/index.php?rest_route=\/wp\/v2\/product\/8336"}],"collection":[{"href":"https:\/\/sexshopzagues.com.mx\/tienda\/index.php?rest_route=\/wp\/v2\/product"}],"about":[{"href":"https:\/\/sexshopzagues.com.mx\/tienda\/index.php?rest_route=\/wp\/v2\/types\/product"}],"replies":[{"embeddable":true,"href":"https:\/\/sexshopzagues.com.mx\/tienda\/index.php?rest_route=%2Fwp%2Fv2%2Fcomments&post=8336"}],"wp:featuredmedia":[{"embeddable":true,"href":"https:\/\/sexshopzagues.com.mx\/tienda\/index.php?rest_route=\/wp\/v2\/media\/8337"}],"wp:attachment":[{"href":"https:\/\/sexshopzagues.com.mx\/tienda\/index.php?rest_route=%2Fwp%2Fv2%2Fmedia&parent=8336"}],"wp:term":[{"taxonomy":"product_cat","embeddable":true,"href":"https:\/\/sexshopzagues.com.mx\/tienda\/index.php?rest_route=%2Fwp%2Fv2%2Fproduct_cat&post=8336"},{"taxonomy":"product_tag","embeddable":true,"href":"https:\/\/sexshopzagues.com.mx\/tienda\/index.php?rest_route=%2Fwp%2Fv2%2Fproduct_tag&post=8336"}],"curies":[{"name":"wp","href":"https:\/\/api.w.org\/{rel}","templated":true}]}}