{"id":8327,"date":"2017-10-13T22:43:13","date_gmt":"2017-10-13T22:43:13","guid":{"rendered":"http:\/\/sexshopzagues.com.mx\/tienda\/?post_type=product&#038;p=8327"},"modified":"2023-02-25T07:30:08","modified_gmt":"2023-02-25T07:30:08","slug":"fantasy-x-tensions-perfect-2-extension","status":"publish","type":"product","link":"https:\/\/sexshopzagues.com.mx\/tienda\/?product=fantasy-x-tensions-perfect-2-extension","title":{"rendered":"Fantasy X-tensions Perfect 2&#8243; Extension &#8211; Flesh"},"content":{"rendered":"<p>Intensifica el placer con esta funda que simula el pene m\u00e1s largo gracias a su extensi\u00f3n de 2 pulgadas y 33% m\u00e1s grueso. Material s\u00faper realista y el\u00e1stico.<\/p>\n<p>Incluye lubricante y jab\u00f3n antibacterial.<\/p>\n","protected":false},"excerpt":{"rendered":"Funda con extensi\u00f3n de 2 pulgadas.","protected":false},"featured_media":8328,"comment_status":"open","ping_status":"closed","template":"","meta":[],"product_cat":[159,69],"product_tag":[192,191,76],"_links":{"self":[{"href":"https:\/\/sexshopzagues.com.mx\/tienda\/index.php?rest_route=\/wp\/v2\/product\/8327"}],"collection":[{"href":"https:\/\/sexshopzagues.com.mx\/tienda\/index.php?rest_route=\/wp\/v2\/product"}],"about":[{"href":"https:\/\/sexshopzagues.com.mx\/tienda\/index.php?rest_route=\/wp\/v2\/types\/product"}],"replies":[{"embeddable":true,"href":"https:\/\/sexshopzagues.com.mx\/tienda\/index.php?rest_route=%2Fwp%2Fv2%2Fcomments&post=8327"}],"wp:featuredmedia":[{"embeddable":true,"href":"https:\/\/sexshopzagues.com.mx\/tienda\/index.php?rest_route=\/wp\/v2\/media\/8328"}],"wp:attachment":[{"href":"https:\/\/sexshopzagues.com.mx\/tienda\/index.php?rest_route=%2Fwp%2Fv2%2Fmedia&parent=8327"}],"wp:term":[{"taxonomy":"product_cat","embeddable":true,"href":"https:\/\/sexshopzagues.com.mx\/tienda\/index.php?rest_route=%2Fwp%2Fv2%2Fproduct_cat&post=8327"},{"taxonomy":"product_tag","embeddable":true,"href":"https:\/\/sexshopzagues.com.mx\/tienda\/index.php?rest_route=%2Fwp%2Fv2%2Fproduct_tag&post=8327"}],"curies":[{"name":"wp","href":"https:\/\/api.w.org\/{rel}","templated":true}]}}