{"id":8262,"date":"2017-10-06T21:58:29","date_gmt":"2017-10-06T21:58:29","guid":{"rendered":"http:\/\/sexshopzagues.com.mx\/tienda\/?post_type=product&#038;p=8262"},"modified":"2021-09-04T03:41:52","modified_gmt":"2021-09-04T03:41:52","slug":"fetish-fantasy-limited-edition-bowtie-cuffs","status":"publish","type":"product","link":"https:\/\/sexshopzagues.com.mx\/tienda\/?product=fetish-fantasy-limited-edition-bowtie-cuffs","title":{"rendered":"Fetish Fantasy Limited Edition Bowtie Cuffs"},"content":{"rendered":"<div style=\"width: 640px;\" class=\"wp-video\"><!--[if lt IE 9]><script>document.createElement('video');<\/script><![endif]-->\n<video class=\"wp-video-shortcode\" id=\"video-8262-1\" width=\"640\" height=\"360\" preload=\"metadata\" controls=\"controls\"><source type=\"video\/mp4\" src=\"http:\/\/sexshopzagues.com.mx\/tienda\/wp-content\/uploads\/2017\/10\/PD4444-23-Fetish-Fantasy-Limited-Edition-Bowtie-Cuffs-1.mp4?_=1\" \/><a href=\"http:\/\/sexshopzagues.com.mx\/tienda\/wp-content\/uploads\/2017\/10\/PD4444-23-Fetish-Fantasy-Limited-Edition-Bowtie-Cuffs-1.mp4\">http:\/\/sexshopzagues.com.mx\/tienda\/wp-content\/uploads\/2017\/10\/PD4444-23-Fetish-Fantasy-Limited-Edition-Bowtie-Cuffs-1.mp4<\/a><\/video><\/div>\n<p>Comienza una noche de pasi\u00f3n con\u00a0Bowtie Cuffs\u00a0unas restricciones l\u00fadicas perfectas para principiantes y lo suficientemente fuertes para asegurar que tu amante no se escapar\u00e1.<\/p>\n<p>Podr\u00e1s restringir el movimiento de pies y manos\u00a0con estas esposas\u00a0que\u00a0se ajustan f\u00e1cilmente mediante\u00a0velcro a la mayor\u00eda de los tama\u00f1os.<\/p>\n<p>Son suaves y muy c\u00f3modas de usar, ademas tienen un dise\u00f1o especial con el que podr\u00e1s escenificar a tu amante donde como y cuando quieras las 50 sombras!!<\/p>\n","protected":false},"excerpt":{"rendered":"Esposas suaves y super sexys.","protected":false},"featured_media":8263,"comment_status":"open","ping_status":"closed","template":"","meta":[],"product_cat":[53],"product_tag":[76,124],"_links":{"self":[{"href":"https:\/\/sexshopzagues.com.mx\/tienda\/index.php?rest_route=\/wp\/v2\/product\/8262"}],"collection":[{"href":"https:\/\/sexshopzagues.com.mx\/tienda\/index.php?rest_route=\/wp\/v2\/product"}],"about":[{"href":"https:\/\/sexshopzagues.com.mx\/tienda\/index.php?rest_route=\/wp\/v2\/types\/product"}],"replies":[{"embeddable":true,"href":"https:\/\/sexshopzagues.com.mx\/tienda\/index.php?rest_route=%2Fwp%2Fv2%2Fcomments&post=8262"}],"wp:featuredmedia":[{"embeddable":true,"href":"https:\/\/sexshopzagues.com.mx\/tienda\/index.php?rest_route=\/wp\/v2\/media\/8263"}],"wp:attachment":[{"href":"https:\/\/sexshopzagues.com.mx\/tienda\/index.php?rest_route=%2Fwp%2Fv2%2Fmedia&parent=8262"}],"wp:term":[{"taxonomy":"product_cat","embeddable":true,"href":"https:\/\/sexshopzagues.com.mx\/tienda\/index.php?rest_route=%2Fwp%2Fv2%2Fproduct_cat&post=8262"},{"taxonomy":"product_tag","embeddable":true,"href":"https:\/\/sexshopzagues.com.mx\/tienda\/index.php?rest_route=%2Fwp%2Fv2%2Fproduct_tag&post=8262"}],"curies":[{"name":"wp","href":"https:\/\/api.w.org\/{rel}","templated":true}]}}