{"id":8149,"date":"2017-09-30T23:57:30","date_gmt":"2017-09-30T23:57:30","guid":{"rendered":"http:\/\/sexshopzagues.com.mx\/tienda\/?post_type=product&#038;p=8149"},"modified":"2023-02-25T07:36:11","modified_gmt":"2023-02-25T07:36:11","slug":"skinsations-long-horn","status":"publish","type":"product","link":"https:\/\/sexshopzagues.com.mx\/tienda\/?product=skinsations-long-horn","title":{"rendered":"Skinsations &#8211; Long Horn"},"content":{"rendered":"<p>Si quieres experimentar las sensaciones m\u00e1s reales, este dildo es para ti! Estrat\u00e9gicamente contorneado para brindarte m\u00e1s placer, glande con forma bien definida, asi como venas pronunciadas, ultra suave al tacto.<\/p>\n<p>Con ventosa que se adhiere a cualquier superficie lisa, compatible con arn\u00e9s.<\/p>\n<p>Libre de ftalatos<\/p>\n","protected":false},"excerpt":{"rendered":"Dildo de material real\u00edstico, con ventosa.","protected":false},"featured_media":8150,"comment_status":"open","ping_status":"closed","template":"","meta":[],"product_cat":[176,58,57],"product_tag":[84,79,82,85],"_links":{"self":[{"href":"https:\/\/sexshopzagues.com.mx\/tienda\/index.php?rest_route=\/wp\/v2\/product\/8149"}],"collection":[{"href":"https:\/\/sexshopzagues.com.mx\/tienda\/index.php?rest_route=\/wp\/v2\/product"}],"about":[{"href":"https:\/\/sexshopzagues.com.mx\/tienda\/index.php?rest_route=\/wp\/v2\/types\/product"}],"replies":[{"embeddable":true,"href":"https:\/\/sexshopzagues.com.mx\/tienda\/index.php?rest_route=%2Fwp%2Fv2%2Fcomments&post=8149"}],"wp:featuredmedia":[{"embeddable":true,"href":"https:\/\/sexshopzagues.com.mx\/tienda\/index.php?rest_route=\/wp\/v2\/media\/8150"}],"wp:attachment":[{"href":"https:\/\/sexshopzagues.com.mx\/tienda\/index.php?rest_route=%2Fwp%2Fv2%2Fmedia&parent=8149"}],"wp:term":[{"taxonomy":"product_cat","embeddable":true,"href":"https:\/\/sexshopzagues.com.mx\/tienda\/index.php?rest_route=%2Fwp%2Fv2%2Fproduct_cat&post=8149"},{"taxonomy":"product_tag","embeddable":true,"href":"https:\/\/sexshopzagues.com.mx\/tienda\/index.php?rest_route=%2Fwp%2Fv2%2Fproduct_tag&post=8149"}],"curies":[{"name":"wp","href":"https:\/\/api.w.org\/{rel}","templated":true}]}}