{"id":8109,"date":"2017-09-29T22:07:25","date_gmt":"2017-09-29T22:07:25","guid":{"rendered":"http:\/\/sexshopzagues.com.mx\/tienda\/?post_type=product&#038;p=8109"},"modified":"2021-09-04T04:03:35","modified_gmt":"2021-09-04T04:03:35","slug":"fantasy-c-ringz-squeeze-play-couples-ring-purple","status":"publish","type":"product","link":"https:\/\/sexshopzagues.com.mx\/tienda\/?product=fantasy-c-ringz-squeeze-play-couples-ring-purple","title":{"rendered":"Fantasy C-Ringz Squeeze Play Couples Ring Purple"},"content":{"rendered":"<p>Doble el placer y doble la diversi\u00f3n, dos balas vibrantes son mejores que una! The Squeeze Play Couples Ring te dar\u00e1 el apret\u00f3n perfecto para actuar como un profesional, durar m\u00e1s que nunca y estimular a ambos con incre\u00edbles vibraciones.<\/p>\n<p>Con una bala vibrante en la parte superior e inferior del anillo, ambos socios se sorprender\u00e1n por las incre\u00edbles sensaciones! Las poderosas vibraciones le har\u00e1n cosquillas a su cl\u00edtoris y convertir\u00e1n a su pene en una m\u00e1quina de placer instant\u00e1neo.<\/p>\n<p>\u00a1\u00c9l gozar\u00e1 de un zumbido agradable en sus test\u00edculos mientras que goza de una cosquilleo emocionante en su cl\u00edtoris y su parte posterior!<\/p>\n","protected":false},"excerpt":{"rendered":"Anillo con doble bala vibradora.","protected":false},"featured_media":8110,"comment_status":"open","ping_status":"closed","template":"","meta":[],"product_cat":[62],"product_tag":[96,92,76],"_links":{"self":[{"href":"https:\/\/sexshopzagues.com.mx\/tienda\/index.php?rest_route=\/wp\/v2\/product\/8109"}],"collection":[{"href":"https:\/\/sexshopzagues.com.mx\/tienda\/index.php?rest_route=\/wp\/v2\/product"}],"about":[{"href":"https:\/\/sexshopzagues.com.mx\/tienda\/index.php?rest_route=\/wp\/v2\/types\/product"}],"replies":[{"embeddable":true,"href":"https:\/\/sexshopzagues.com.mx\/tienda\/index.php?rest_route=%2Fwp%2Fv2%2Fcomments&post=8109"}],"wp:featuredmedia":[{"embeddable":true,"href":"https:\/\/sexshopzagues.com.mx\/tienda\/index.php?rest_route=\/wp\/v2\/media\/8110"}],"wp:attachment":[{"href":"https:\/\/sexshopzagues.com.mx\/tienda\/index.php?rest_route=%2Fwp%2Fv2%2Fmedia&parent=8109"}],"wp:term":[{"taxonomy":"product_cat","embeddable":true,"href":"https:\/\/sexshopzagues.com.mx\/tienda\/index.php?rest_route=%2Fwp%2Fv2%2Fproduct_cat&post=8109"},{"taxonomy":"product_tag","embeddable":true,"href":"https:\/\/sexshopzagues.com.mx\/tienda\/index.php?rest_route=%2Fwp%2Fv2%2Fproduct_tag&post=8109"}],"curies":[{"name":"wp","href":"https:\/\/api.w.org\/{rel}","templated":true}]}}