{"id":804,"date":"2016-08-31T23:58:02","date_gmt":"2016-08-31T23:58:02","guid":{"rendered":"http:\/\/sexshopzagues.com.mx\/tienda\/?post_type=product&#038;p=804"},"modified":"2021-09-07T22:49:00","modified_gmt":"2021-09-07T22:49:00","slug":"perfect-grip-prostate-massager","status":"publish","type":"product","link":"https:\/\/sexshopzagues.com.mx\/tienda\/?product=perfect-grip-prostate-massager","title":{"rendered":"Perfect Grip Prostate Massager"},"content":{"rendered":"<p>El juguete ideal para dar placer en la penetraci\u00f3n anal y estimular pr\u00f3stata, base que te permitir\u00e1 manipularlo f\u00e1cilmente, con 7 velocidades de vibraci\u00f3n, material hipoalerg\u00e9nico 100% silic\u00f3n, a prueba de agua. Medidas: 16cm,\u03a63cm<\/p>\n","protected":false},"excerpt":{"rendered":"Estimulador de pr\u00f3stata con 7 frecuencias","protected":false},"featured_media":805,"comment_status":"open","ping_status":"closed","template":"","meta":[],"product_cat":[73,166,56],"product_tag":[96,77,91,92,105],"_links":{"self":[{"href":"https:\/\/sexshopzagues.com.mx\/tienda\/index.php?rest_route=\/wp\/v2\/product\/804"}],"collection":[{"href":"https:\/\/sexshopzagues.com.mx\/tienda\/index.php?rest_route=\/wp\/v2\/product"}],"about":[{"href":"https:\/\/sexshopzagues.com.mx\/tienda\/index.php?rest_route=\/wp\/v2\/types\/product"}],"replies":[{"embeddable":true,"href":"https:\/\/sexshopzagues.com.mx\/tienda\/index.php?rest_route=%2Fwp%2Fv2%2Fcomments&post=804"}],"wp:featuredmedia":[{"embeddable":true,"href":"https:\/\/sexshopzagues.com.mx\/tienda\/index.php?rest_route=\/wp\/v2\/media\/805"}],"wp:attachment":[{"href":"https:\/\/sexshopzagues.com.mx\/tienda\/index.php?rest_route=%2Fwp%2Fv2%2Fmedia&parent=804"}],"wp:term":[{"taxonomy":"product_cat","embeddable":true,"href":"https:\/\/sexshopzagues.com.mx\/tienda\/index.php?rest_route=%2Fwp%2Fv2%2Fproduct_cat&post=804"},{"taxonomy":"product_tag","embeddable":true,"href":"https:\/\/sexshopzagues.com.mx\/tienda\/index.php?rest_route=%2Fwp%2Fv2%2Fproduct_tag&post=804"}],"curies":[{"name":"wp","href":"https:\/\/api.w.org\/{rel}","templated":true}]}}