{"id":8013,"date":"2017-09-20T18:24:31","date_gmt":"2017-09-20T18:24:31","guid":{"rendered":"http:\/\/sexshopzagues.com.mx\/tienda\/?post_type=product&#038;p=8013"},"modified":"2023-02-25T07:47:51","modified_gmt":"2023-02-25T07:47:51","slug":"lubrigel-de-sabor-30-ml-chocolate","status":"publish","type":"product","link":"https:\/\/sexshopzagues.com.mx\/tienda\/?product=lubrigel-de-sabor-30-ml-chocolate","title":{"rendered":"Lubrigel de Sabor 30 ml Canela"},"content":{"rendered":"<p>Tu relaci\u00f3n con tu pareja tendr\u00e1 un cambio muy satisfactorio con nuestro lubricante de sabor, apl\u00edcalo en partes \u00edntimas y sabor\u00e9alo&#8230; Te atreves?<\/p>\n<p>Contenido: 30ml<\/p>\n","protected":false},"excerpt":{"rendered":"Lubrigel de sabor.","protected":false},"featured_media":8014,"comment_status":"open","ping_status":"closed","template":"","meta":[],"product_cat":[59],"product_tag":[100,114],"_links":{"self":[{"href":"https:\/\/sexshopzagues.com.mx\/tienda\/index.php?rest_route=\/wp\/v2\/product\/8013"}],"collection":[{"href":"https:\/\/sexshopzagues.com.mx\/tienda\/index.php?rest_route=\/wp\/v2\/product"}],"about":[{"href":"https:\/\/sexshopzagues.com.mx\/tienda\/index.php?rest_route=\/wp\/v2\/types\/product"}],"replies":[{"embeddable":true,"href":"https:\/\/sexshopzagues.com.mx\/tienda\/index.php?rest_route=%2Fwp%2Fv2%2Fcomments&post=8013"}],"wp:featuredmedia":[{"embeddable":true,"href":"https:\/\/sexshopzagues.com.mx\/tienda\/index.php?rest_route=\/wp\/v2\/media\/8014"}],"wp:attachment":[{"href":"https:\/\/sexshopzagues.com.mx\/tienda\/index.php?rest_route=%2Fwp%2Fv2%2Fmedia&parent=8013"}],"wp:term":[{"taxonomy":"product_cat","embeddable":true,"href":"https:\/\/sexshopzagues.com.mx\/tienda\/index.php?rest_route=%2Fwp%2Fv2%2Fproduct_cat&post=8013"},{"taxonomy":"product_tag","embeddable":true,"href":"https:\/\/sexshopzagues.com.mx\/tienda\/index.php?rest_route=%2Fwp%2Fv2%2Fproduct_tag&post=8013"}],"curies":[{"name":"wp","href":"https:\/\/api.w.org\/{rel}","templated":true}]}}