{"id":7931,"date":"2017-09-15T00:01:00","date_gmt":"2017-09-15T00:01:00","guid":{"rendered":"http:\/\/sexshopzagues.com.mx\/tienda\/?post_type=product&#038;p=7931"},"modified":"2023-02-25T07:48:56","modified_gmt":"2023-02-25T07:48:56","slug":"nicoles-vibra-plug-pink","status":"publish","type":"product","link":"https:\/\/sexshopzagues.com.mx\/tienda\/?product=nicoles-vibra-plug-pink","title":{"rendered":"NICOLE&#8217;S Vibra Plug Pink"},"content":{"rendered":"<p>Plug para penetraci\u00f3n anal, su forma c\u00f3nica facilitar\u00e1 la penetraci\u00f3n. Cuenta con 7 frecuencias de vibraci\u00f3n, pulsaci\u00f3n y escalas.<\/p>\n<p>A prueba de agua.<\/p>\n","protected":false},"excerpt":{"rendered":"Plug anal con 7 frecuencias.","protected":false},"featured_media":7932,"comment_status":"open","ping_status":"closed","template":"","meta":[],"product_cat":[166,56],"product_tag":[100,77,91],"_links":{"self":[{"href":"https:\/\/sexshopzagues.com.mx\/tienda\/index.php?rest_route=\/wp\/v2\/product\/7931"}],"collection":[{"href":"https:\/\/sexshopzagues.com.mx\/tienda\/index.php?rest_route=\/wp\/v2\/product"}],"about":[{"href":"https:\/\/sexshopzagues.com.mx\/tienda\/index.php?rest_route=\/wp\/v2\/types\/product"}],"replies":[{"embeddable":true,"href":"https:\/\/sexshopzagues.com.mx\/tienda\/index.php?rest_route=%2Fwp%2Fv2%2Fcomments&post=7931"}],"wp:featuredmedia":[{"embeddable":true,"href":"https:\/\/sexshopzagues.com.mx\/tienda\/index.php?rest_route=\/wp\/v2\/media\/7932"}],"wp:attachment":[{"href":"https:\/\/sexshopzagues.com.mx\/tienda\/index.php?rest_route=%2Fwp%2Fv2%2Fmedia&parent=7931"}],"wp:term":[{"taxonomy":"product_cat","embeddable":true,"href":"https:\/\/sexshopzagues.com.mx\/tienda\/index.php?rest_route=%2Fwp%2Fv2%2Fproduct_cat&post=7931"},{"taxonomy":"product_tag","embeddable":true,"href":"https:\/\/sexshopzagues.com.mx\/tienda\/index.php?rest_route=%2Fwp%2Fv2%2Fproduct_tag&post=7931"}],"curies":[{"name":"wp","href":"https:\/\/api.w.org\/{rel}","templated":true}]}}