{"id":7917,"date":"2017-09-14T00:32:20","date_gmt":"2017-09-14T00:32:20","guid":{"rendered":"http:\/\/sexshopzagues.com.mx\/tienda\/?post_type=product&#038;p=7917"},"modified":"2023-02-25T07:54:46","modified_gmt":"2023-02-25T07:54:46","slug":"lubricante-lovlub-60gr-essence","status":"publish","type":"product","link":"https:\/\/sexshopzagues.com.mx\/tienda\/?product=lubricante-lovlub-60gr-essence","title":{"rendered":"Lubricante Lovlub 60gr Essence"},"content":{"rendered":"<p>Hecho a base de agua, compatible con el l\u00e1tex, adicionado con manzanilla, aloe vera y vitamina E. Proporciona una protecci\u00f3n, humectaci\u00f3n e hidrataci\u00f3n adecuada para la piel.<\/p>\n<p>Contenido: 60 gr<\/p>\n","protected":false},"excerpt":{"rendered":"Lubricante con manzanilla y aloe, base agua.","protected":false},"featured_media":7918,"comment_status":"closed","ping_status":"closed","template":"","meta":[],"product_cat":[59],"product_tag":[100,143],"_links":{"self":[{"href":"https:\/\/sexshopzagues.com.mx\/tienda\/index.php?rest_route=\/wp\/v2\/product\/7917"}],"collection":[{"href":"https:\/\/sexshopzagues.com.mx\/tienda\/index.php?rest_route=\/wp\/v2\/product"}],"about":[{"href":"https:\/\/sexshopzagues.com.mx\/tienda\/index.php?rest_route=\/wp\/v2\/types\/product"}],"replies":[{"embeddable":true,"href":"https:\/\/sexshopzagues.com.mx\/tienda\/index.php?rest_route=%2Fwp%2Fv2%2Fcomments&post=7917"}],"wp:featuredmedia":[{"embeddable":true,"href":"https:\/\/sexshopzagues.com.mx\/tienda\/index.php?rest_route=\/wp\/v2\/media\/7918"}],"wp:attachment":[{"href":"https:\/\/sexshopzagues.com.mx\/tienda\/index.php?rest_route=%2Fwp%2Fv2%2Fmedia&parent=7917"}],"wp:term":[{"taxonomy":"product_cat","embeddable":true,"href":"https:\/\/sexshopzagues.com.mx\/tienda\/index.php?rest_route=%2Fwp%2Fv2%2Fproduct_cat&post=7917"},{"taxonomy":"product_tag","embeddable":true,"href":"https:\/\/sexshopzagues.com.mx\/tienda\/index.php?rest_route=%2Fwp%2Fv2%2Fproduct_tag&post=7917"}],"curies":[{"name":"wp","href":"https:\/\/api.w.org\/{rel}","templated":true}]}}