{"id":7907,"date":"2017-09-13T19:51:24","date_gmt":"2017-09-13T19:51:24","guid":{"rendered":"http:\/\/sexshopzagues.com.mx\/tienda\/?post_type=product&#038;p=7907"},"modified":"2023-02-25T07:58:03","modified_gmt":"2023-02-25T07:58:03","slug":"lubricante-lovlub-30gr-pina-colada","status":"publish","type":"product","link":"https:\/\/sexshopzagues.com.mx\/tienda\/?product=lubricante-lovlub-30gr-pina-colada","title":{"rendered":"Lubricante Lovlub 30gr Pi\u00f1a Colada"},"content":{"rendered":"<p>Lubricante comestible, base agua, compatible con l\u00e1tex, libre de az\u00facar.<\/p>\n<p>Sabor: Pi\u00f1a Colada<br \/>\nContenido: 30 gr<\/p>\n","protected":false},"excerpt":{"rendered":"Lubricante comestible, base agua.","protected":false},"featured_media":7908,"comment_status":"closed","ping_status":"closed","template":"","meta":[],"product_cat":[59],"product_tag":[100,143],"_links":{"self":[{"href":"https:\/\/sexshopzagues.com.mx\/tienda\/index.php?rest_route=\/wp\/v2\/product\/7907"}],"collection":[{"href":"https:\/\/sexshopzagues.com.mx\/tienda\/index.php?rest_route=\/wp\/v2\/product"}],"about":[{"href":"https:\/\/sexshopzagues.com.mx\/tienda\/index.php?rest_route=\/wp\/v2\/types\/product"}],"replies":[{"embeddable":true,"href":"https:\/\/sexshopzagues.com.mx\/tienda\/index.php?rest_route=%2Fwp%2Fv2%2Fcomments&post=7907"}],"wp:featuredmedia":[{"embeddable":true,"href":"https:\/\/sexshopzagues.com.mx\/tienda\/index.php?rest_route=\/wp\/v2\/media\/7908"}],"wp:attachment":[{"href":"https:\/\/sexshopzagues.com.mx\/tienda\/index.php?rest_route=%2Fwp%2Fv2%2Fmedia&parent=7907"}],"wp:term":[{"taxonomy":"product_cat","embeddable":true,"href":"https:\/\/sexshopzagues.com.mx\/tienda\/index.php?rest_route=%2Fwp%2Fv2%2Fproduct_cat&post=7907"},{"taxonomy":"product_tag","embeddable":true,"href":"https:\/\/sexshopzagues.com.mx\/tienda\/index.php?rest_route=%2Fwp%2Fv2%2Fproduct_tag&post=7907"}],"curies":[{"name":"wp","href":"https:\/\/api.w.org\/{rel}","templated":true}]}}