{"id":778,"date":"2016-08-31T23:03:34","date_gmt":"2016-08-31T23:03:34","guid":{"rendered":"http:\/\/sexshopzagues.com.mx\/tienda\/?post_type=product&#038;p=778"},"modified":"2021-09-07T22:51:58","modified_gmt":"2021-09-07T22:51:58","slug":"elite-lovers-beads","status":"publish","type":"product","link":"https:\/\/sexshopzagues.com.mx\/tienda\/?product=elite-lovers-beads","title":{"rendered":"Elite Lover&#8217;s Beads"},"content":{"rendered":"<p>Quieres cambiar de las cl\u00e1sicas bolitas anales? Esta es una buena opci\u00f3n, Chisa trae para ti estos corazones para inserci\u00f3n anal, su forma facilitar\u00e1 la penetraci\u00f3n y lo mejor de todo es que te brindar\u00e1n intenso placer. Material hipoalerg\u00e9nico 100% silic\u00f3n. Medidas:\u00a0<em>17.4cm,\u03a62.5cm<\/em><\/p>\n","protected":false},"excerpt":{"rendered":"Estimulador anal, hipoalerg\u00e9nico","protected":false},"featured_media":779,"comment_status":"open","ping_status":"closed","template":"","meta":[],"product_cat":[56],"product_tag":[77,92],"_links":{"self":[{"href":"https:\/\/sexshopzagues.com.mx\/tienda\/index.php?rest_route=\/wp\/v2\/product\/778"}],"collection":[{"href":"https:\/\/sexshopzagues.com.mx\/tienda\/index.php?rest_route=\/wp\/v2\/product"}],"about":[{"href":"https:\/\/sexshopzagues.com.mx\/tienda\/index.php?rest_route=\/wp\/v2\/types\/product"}],"replies":[{"embeddable":true,"href":"https:\/\/sexshopzagues.com.mx\/tienda\/index.php?rest_route=%2Fwp%2Fv2%2Fcomments&post=778"}],"wp:featuredmedia":[{"embeddable":true,"href":"https:\/\/sexshopzagues.com.mx\/tienda\/index.php?rest_route=\/wp\/v2\/media\/779"}],"wp:attachment":[{"href":"https:\/\/sexshopzagues.com.mx\/tienda\/index.php?rest_route=%2Fwp%2Fv2%2Fmedia&parent=778"}],"wp:term":[{"taxonomy":"product_cat","embeddable":true,"href":"https:\/\/sexshopzagues.com.mx\/tienda\/index.php?rest_route=%2Fwp%2Fv2%2Fproduct_cat&post=778"},{"taxonomy":"product_tag","embeddable":true,"href":"https:\/\/sexshopzagues.com.mx\/tienda\/index.php?rest_route=%2Fwp%2Fv2%2Fproduct_tag&post=778"}],"curies":[{"name":"wp","href":"https:\/\/api.w.org\/{rel}","templated":true}]}}