{"id":771,"date":"2016-08-31T21:42:21","date_gmt":"2016-08-31T21:42:21","guid":{"rendered":"http:\/\/sexshopzagues.com.mx\/tienda\/?post_type=product&#038;p=771"},"modified":"2021-09-07T22:52:20","modified_gmt":"2021-09-07T22:52:20","slug":"xl-silicone-plug","status":"publish","type":"product","link":"https:\/\/sexshopzagues.com.mx\/tienda\/?product=xl-silicone-plug","title":{"rendered":"XL Silicone Plug"},"content":{"rendered":"<p>Plug de silic\u00f3n textura suave y aterciopelada, base para una f\u00e1cil inserci\u00f3n y extracci\u00f3n, material puro. Medidas:13.4cm,\u03a63.7cm.<\/p>\n","protected":false},"excerpt":{"rendered":"Plug de silic\u00f3n textura suave y aterciopelada, base para una f\u00e1cil inserci\u00f3n y extracci\u00f3n, material puro. Medidas:13.4cm,\u03a63.7cm.","protected":false},"featured_media":772,"comment_status":"open","ping_status":"closed","template":"","meta":[],"product_cat":[56],"product_tag":[77,92],"_links":{"self":[{"href":"https:\/\/sexshopzagues.com.mx\/tienda\/index.php?rest_route=\/wp\/v2\/product\/771"}],"collection":[{"href":"https:\/\/sexshopzagues.com.mx\/tienda\/index.php?rest_route=\/wp\/v2\/product"}],"about":[{"href":"https:\/\/sexshopzagues.com.mx\/tienda\/index.php?rest_route=\/wp\/v2\/types\/product"}],"replies":[{"embeddable":true,"href":"https:\/\/sexshopzagues.com.mx\/tienda\/index.php?rest_route=%2Fwp%2Fv2%2Fcomments&post=771"}],"wp:featuredmedia":[{"embeddable":true,"href":"https:\/\/sexshopzagues.com.mx\/tienda\/index.php?rest_route=\/wp\/v2\/media\/772"}],"wp:attachment":[{"href":"https:\/\/sexshopzagues.com.mx\/tienda\/index.php?rest_route=%2Fwp%2Fv2%2Fmedia&parent=771"}],"wp:term":[{"taxonomy":"product_cat","embeddable":true,"href":"https:\/\/sexshopzagues.com.mx\/tienda\/index.php?rest_route=%2Fwp%2Fv2%2Fproduct_cat&post=771"},{"taxonomy":"product_tag","embeddable":true,"href":"https:\/\/sexshopzagues.com.mx\/tienda\/index.php?rest_route=%2Fwp%2Fv2%2Fproduct_tag&post=771"}],"curies":[{"name":"wp","href":"https:\/\/api.w.org\/{rel}","templated":true}]}}