{"id":766,"date":"2016-08-31T21:33:37","date_gmt":"2016-08-31T21:33:37","guid":{"rendered":"http:\/\/sexshopzagues.com.mx\/tienda\/?post_type=product&#038;p=766"},"modified":"2021-09-07T22:53:32","modified_gmt":"2021-09-07T22:53:32","slug":"l-silicone-plug","status":"publish","type":"product","link":"https:\/\/sexshopzagues.com.mx\/tienda\/?product=l-silicone-plug","title":{"rendered":"L Silicone Plug"},"content":{"rendered":"<p>Plug de silic\u00f3n textura suave y aterciopelada, base para una f\u00e1cil inserci\u00f3n y extracci\u00f3n, material puro. Medidas:11.5cm,\u03a63.1cm<\/p>\n","protected":false},"excerpt":{"rendered":"Plug anal hipoalerg\u00e9nico siliconizado","protected":false},"featured_media":767,"comment_status":"open","ping_status":"closed","template":"","meta":[],"product_cat":[168,56],"product_tag":[77,92,169,185],"_links":{"self":[{"href":"https:\/\/sexshopzagues.com.mx\/tienda\/index.php?rest_route=\/wp\/v2\/product\/766"}],"collection":[{"href":"https:\/\/sexshopzagues.com.mx\/tienda\/index.php?rest_route=\/wp\/v2\/product"}],"about":[{"href":"https:\/\/sexshopzagues.com.mx\/tienda\/index.php?rest_route=\/wp\/v2\/types\/product"}],"replies":[{"embeddable":true,"href":"https:\/\/sexshopzagues.com.mx\/tienda\/index.php?rest_route=%2Fwp%2Fv2%2Fcomments&post=766"}],"wp:featuredmedia":[{"embeddable":true,"href":"https:\/\/sexshopzagues.com.mx\/tienda\/index.php?rest_route=\/wp\/v2\/media\/767"}],"wp:attachment":[{"href":"https:\/\/sexshopzagues.com.mx\/tienda\/index.php?rest_route=%2Fwp%2Fv2%2Fmedia&parent=766"}],"wp:term":[{"taxonomy":"product_cat","embeddable":true,"href":"https:\/\/sexshopzagues.com.mx\/tienda\/index.php?rest_route=%2Fwp%2Fv2%2Fproduct_cat&post=766"},{"taxonomy":"product_tag","embeddable":true,"href":"https:\/\/sexshopzagues.com.mx\/tienda\/index.php?rest_route=%2Fwp%2Fv2%2Fproduct_tag&post=766"}],"curies":[{"name":"wp","href":"https:\/\/api.w.org\/{rel}","templated":true}]}}