{"id":7636,"date":"2017-09-05T18:51:12","date_gmt":"2017-09-05T18:51:12","guid":{"rendered":"http:\/\/sexshopzagues.com.mx\/tienda\/?post_type=product&#038;p=7636"},"modified":"2021-09-04T04:54:21","modified_gmt":"2021-09-04T04:54:21","slug":"pleasure-piston","status":"publish","type":"product","link":"https:\/\/sexshopzagues.com.mx\/tienda\/?product=pleasure-piston","title":{"rendered":"Pleasure Piston"},"content":{"rendered":"<p>Estimulador anal unisex. Su textura proporcionar\u00e1 estimulaci\u00f3n extra.<\/p>\n<p>Fabricado en silic\u00f3n grado m\u00e9dico. M\u00e9didas:\u00a0<em>17.9cm x 2cm<\/em><\/p>\n","protected":false},"excerpt":{"rendered":"Estimulador anal.","protected":false},"featured_media":7637,"comment_status":"open","ping_status":"closed","template":"","meta":[],"product_cat":[56],"product_tag":[77,118],"_links":{"self":[{"href":"https:\/\/sexshopzagues.com.mx\/tienda\/index.php?rest_route=\/wp\/v2\/product\/7636"}],"collection":[{"href":"https:\/\/sexshopzagues.com.mx\/tienda\/index.php?rest_route=\/wp\/v2\/product"}],"about":[{"href":"https:\/\/sexshopzagues.com.mx\/tienda\/index.php?rest_route=\/wp\/v2\/types\/product"}],"replies":[{"embeddable":true,"href":"https:\/\/sexshopzagues.com.mx\/tienda\/index.php?rest_route=%2Fwp%2Fv2%2Fcomments&post=7636"}],"wp:featuredmedia":[{"embeddable":true,"href":"https:\/\/sexshopzagues.com.mx\/tienda\/index.php?rest_route=\/wp\/v2\/media\/7637"}],"wp:attachment":[{"href":"https:\/\/sexshopzagues.com.mx\/tienda\/index.php?rest_route=%2Fwp%2Fv2%2Fmedia&parent=7636"}],"wp:term":[{"taxonomy":"product_cat","embeddable":true,"href":"https:\/\/sexshopzagues.com.mx\/tienda\/index.php?rest_route=%2Fwp%2Fv2%2Fproduct_cat&post=7636"},{"taxonomy":"product_tag","embeddable":true,"href":"https:\/\/sexshopzagues.com.mx\/tienda\/index.php?rest_route=%2Fwp%2Fv2%2Fproduct_tag&post=7636"}],"curies":[{"name":"wp","href":"https:\/\/api.w.org\/{rel}","templated":true}]}}