{"id":7624,"date":"2017-09-05T00:43:20","date_gmt":"2017-09-05T00:43:20","guid":{"rendered":"http:\/\/sexshopzagues.com.mx\/tienda\/?post_type=product&#038;p=7624"},"modified":"2023-02-25T08:03:49","modified_gmt":"2023-02-25T08:03:49","slug":"mx-dream-cup-ayano-pussy","status":"publish","type":"product","link":"https:\/\/sexshopzagues.com.mx\/tienda\/?product=mx-dream-cup-ayano-pussy","title":{"rendered":"MX Dream Cup Ayano Pussy"},"content":{"rendered":"<p>Haz realidad tus fantas\u00edas con esta novedosa vagina, con pedestal para que la inclines hacia el \u00e1ngulo que prefieras, de material real\u00edstico y canales texturizados -similar a lo real- para hacer m\u00e1s placentero el momento. Cuenta con ventosa para fijarla donde desees.<br \/>\nTiene apariencia de linterna para hacerla discreta. Incluye lubricante.<\/p>\n<ul>\n<li>Sensaci\u00f3n real\u00edstica.<\/li>\n<li>Ventosa.<\/li>\n<li>Base multiposici\u00f3n.<\/li>\n<li>Libre de ftalatos.<\/li>\n<\/ul>\n<p>&nbsp;<\/p>\n","protected":false},"excerpt":{"rendered":"Masturbador tipo linterna, con ventosa.","protected":false},"featured_media":7625,"comment_status":"open","ping_status":"closed","template":"","meta":[],"product_cat":[66],"product_tag":[77,82,85],"_links":{"self":[{"href":"https:\/\/sexshopzagues.com.mx\/tienda\/index.php?rest_route=\/wp\/v2\/product\/7624"}],"collection":[{"href":"https:\/\/sexshopzagues.com.mx\/tienda\/index.php?rest_route=\/wp\/v2\/product"}],"about":[{"href":"https:\/\/sexshopzagues.com.mx\/tienda\/index.php?rest_route=\/wp\/v2\/types\/product"}],"replies":[{"embeddable":true,"href":"https:\/\/sexshopzagues.com.mx\/tienda\/index.php?rest_route=%2Fwp%2Fv2%2Fcomments&post=7624"}],"wp:featuredmedia":[{"embeddable":true,"href":"https:\/\/sexshopzagues.com.mx\/tienda\/index.php?rest_route=\/wp\/v2\/media\/7625"}],"wp:attachment":[{"href":"https:\/\/sexshopzagues.com.mx\/tienda\/index.php?rest_route=%2Fwp%2Fv2%2Fmedia&parent=7624"}],"wp:term":[{"taxonomy":"product_cat","embeddable":true,"href":"https:\/\/sexshopzagues.com.mx\/tienda\/index.php?rest_route=%2Fwp%2Fv2%2Fproduct_cat&post=7624"},{"taxonomy":"product_tag","embeddable":true,"href":"https:\/\/sexshopzagues.com.mx\/tienda\/index.php?rest_route=%2Fwp%2Fv2%2Fproduct_tag&post=7624"}],"curies":[{"name":"wp","href":"https:\/\/api.w.org\/{rel}","templated":true}]}}