{"id":7582,"date":"2017-09-02T19:29:03","date_gmt":"2017-09-02T19:29:03","guid":{"rendered":"http:\/\/sexshopzagues.com.mx\/tienda\/?post_type=product&#038;p=7582"},"modified":"2023-02-25T08:04:28","modified_gmt":"2023-02-25T08:04:28","slug":"virgin-abby","status":"publish","type":"product","link":"https:\/\/sexshopzagues.com.mx\/tienda\/?product=virgin-abby","title":{"rendered":"Virgin Abby"},"content":{"rendered":"<p>Disfruta de este masturbador tan estrecho como una virgen! Material real\u00edstico y t\u00faneles texturizados para extra estimulaci\u00f3n.<\/p>\n<ul>\n<li>Con bala vibradora regulable<\/li>\n<li>Material real\u00edstico<\/li>\n<li>Incluye lubricante y limpiador<\/li>\n<\/ul>\n","protected":false},"excerpt":{"rendered":"Masturbador vagina, estrecha.","protected":false},"featured_media":7586,"comment_status":"open","ping_status":"closed","template":"","meta":[],"product_cat":[159,66],"product_tag":[77,190,82],"_links":{"self":[{"href":"https:\/\/sexshopzagues.com.mx\/tienda\/index.php?rest_route=\/wp\/v2\/product\/7582"}],"collection":[{"href":"https:\/\/sexshopzagues.com.mx\/tienda\/index.php?rest_route=\/wp\/v2\/product"}],"about":[{"href":"https:\/\/sexshopzagues.com.mx\/tienda\/index.php?rest_route=\/wp\/v2\/types\/product"}],"replies":[{"embeddable":true,"href":"https:\/\/sexshopzagues.com.mx\/tienda\/index.php?rest_route=%2Fwp%2Fv2%2Fcomments&post=7582"}],"wp:featuredmedia":[{"embeddable":true,"href":"https:\/\/sexshopzagues.com.mx\/tienda\/index.php?rest_route=\/wp\/v2\/media\/7586"}],"wp:attachment":[{"href":"https:\/\/sexshopzagues.com.mx\/tienda\/index.php?rest_route=%2Fwp%2Fv2%2Fmedia&parent=7582"}],"wp:term":[{"taxonomy":"product_cat","embeddable":true,"href":"https:\/\/sexshopzagues.com.mx\/tienda\/index.php?rest_route=%2Fwp%2Fv2%2Fproduct_cat&post=7582"},{"taxonomy":"product_tag","embeddable":true,"href":"https:\/\/sexshopzagues.com.mx\/tienda\/index.php?rest_route=%2Fwp%2Fv2%2Fproduct_tag&post=7582"}],"curies":[{"name":"wp","href":"https:\/\/api.w.org\/{rel}","templated":true}]}}